{"id":9,"date":"2016-02-10T14:12:24","date_gmt":"2016-02-10T13:12:24","guid":{"rendered":"http:\/\/conferences-institute.eu\/risques-operationnels\/?page_id=9"},"modified":"2016-02-10T15:27:13","modified_gmt":"2016-02-10T14:27:13","slug":"conference-2015","status":"publish","type":"page","link":"https:\/\/conferences-institute.eu\/risques-operationnels\/conference-2015\/","title":{"rendered":"Conf\u00e9rence 2015"},"content":{"rendered":"<h2><span style=\"color: #ff0000;\">Gestion du Risque Op\u00e9rationnel\u00a0dans l\u2019Industrie Financi\u00e8re<\/span><\/h2>\n<p><a class=\"fasc-button fasc-size-medium fasc-type-glossy fasc-rounded-medium\" style=\"background-color: #c26b6b; color: #ffffff;\" href=\"https:\/\/conferences-institute.eu\/risques-operationnels\/wp-content\/uploads\/sites\/7\/2016\/02\/Arrow-Institute_Risques-Op\u00e9rationnels_Septembre-2015_programme.pdf\" target=\"_blank\" data-fasc-style=\"background-color:#c26b6b;color:#ffffff;\">Retrouvez le PDF ICI<\/a><\/p>\n<p><strong><span style=\"color: #0000ff;\">Evolution des risques op\u00e9rationnels :\u00a0plong\u00e9e dans un nouvel environnement !<\/span><\/strong><\/p>\n<ul>\n<li><span style=\"color: #0000ff;\">Evolution des risques op\u00e9rationnels : plong\u00e9e dans un nouvel\u00a0<\/span><span style=\"color: #0000ff;\">environnement !<\/span><\/li>\n<li><span style=\"color: #0000ff;\">\u00a0Les risques op\u00e9rationnels : Le facteur humain au coeur du\u00a0<\/span><span style=\"color: #0000ff;\">dispositif de GRO<\/span><\/li>\n<li><span style=\"color: #0000ff;\">Contribution du management des ressources humaines \u00e0 la\u00a0<\/span><span style=\"color: #0000ff;\">performance des organisations et \u00e0 la maitrise des risques de\u00a0<\/span><span style=\"color: #0000ff;\">suitability, r\u00e9putation et de sanctions r\u00e9glementaires<\/span><\/li>\n<li><span style=\"color: #0000ff;\">\u00a0Le transfert du risque \u00e0 l\u2019assureur, partie int\u00e9grante de la gestion\u00a0<\/span><span style=\"color: #0000ff;\">du risque : cas de la cybercriminalit\u00e9<\/span><\/li>\n<li><span style=\"color: #0000ff;\">Ma\u00eetriser les risques op\u00e9rationnels li\u00e9s \u00e0 l\u2019externalisation<\/span><\/li>\n<li><span style=\"color: #0000ff;\">De la Gestion des Risques Op\u00e9rationnels au Risk Management<\/span><\/li>\n<\/ul>\n<p><strong>Orateurs<\/strong><\/p>\n<p><strong>Dan Chelly,\u00a0<\/strong>Optimind winter<br \/>\n<strong>Jean-Marc Benard,\u00a0<\/strong>Caisse d\u2019Epargne Nord France Europe<br \/>\n<strong>Christiane Legat,\u00a0<\/strong>Cr\u00e9dit Immobilier de France<br \/>\n<strong>Antoine Rial-Petat,\u00a0<\/strong>BNP Paribas Groupe<br \/>\n<strong>Philippe Vellard,\u00a0<\/strong>Gras Savoye Willis Specialties<br \/>\n<strong>Laure Molinier,\u00a0<\/strong>Euroclear<\/p>\n<p>Mardi 22 septembre 2015<br \/>\n08:30 Accueil des participants<br \/>\n09:00 Evolution des risques op\u00e9rationnels : plong\u00e9e dans un nouvel environnement !<\/p>\n<ul>\n<li>Quels changements en cours (mobilit\u00e9, digital, big data, action de groupe, risques fronti\u00e8res, poids de la sous-traitance, attentes sur la gouvernance\u2026) ?<\/li>\n<li>Quelles cons\u00e9quences en mati\u00e8re de risques op\u00e9rationnels ?<br \/>\nDan Chelly, Directeur M\u00e9tier Risk Management \u2022 Optimind winter<\/li>\n<\/ul>\n<p>10:00 De la Gestion des Risques Op\u00e9rationnels au Risk Management<\/p>\n<ul>\n<li>Les activit\u00e9s cl\u00e9s, r\u00e9currentes et ponctuelles<\/li>\n<li>La gestion anticipative<\/li>\n<li>Le bien-fond\u00e9 de l\u2019activit\u00e9 risk management : quelle valeur ajout\u00e9e ?<br \/>\nJean-Marc Benard, Responsable du D\u00e9partement Risques Op\u00e9rationnels \u2022 Caisse d\u2019Epargne\u00a0Nord France Europe<\/li>\n<\/ul>\n<p>11:00 Pause-caf\u00e9<br \/>\n11:30 Audit des risques op\u00e9rationnels : L\u2019arr\u00eat\u00e9 du 3 novembre 2014 a modifi\u00e9 l\u2019articulation des responsabilit\u00e9s entre les acteurs qui ont la charge de la gestion des risques et ceux charg\u00e9s des contr\u00f4les<\/p>\n<ul>\n<li>Comment cette redistribution impacte-t-elle les actions de l\u2019audit interne?<\/li>\n<li>Quelle valeur ajout\u00e9e apporte l\u2019audit des risques op\u00e9rationnels ?<\/li>\n<li>Comment l\u2019audit participe \u00e0 l\u2019efficience du syst\u00e8me de contr\u00f4le interne ?<br \/>\nChristiane Legat, Directrice de l\u2019Inspection g\u00e9n\u00e9rale et de l\u2019Audit interne\u00a0\u2022 Cr\u00e9dit Immobilier de France<\/li>\n<\/ul>\n<p>12:30 D\u00e9jeuner<br \/>\n14:00 Quels indicateurs de risques et de performance RH ?<\/p>\n<ul>\n<li>Les indicateurs dans la cartographie<\/li>\n<li>La mesure de la performance et des risques RH et les impacts RH sur le business<\/li>\n<li>Focus sur les indicateurs des principaux processus<br \/>\nAntoine Rial-Petat, Responsable Supervision Contr\u00f4le Permanent RH \u2022 BNP Paribas Groupe\u00a0Ma\u00eetre de conf\u00e9rence \u00e0 Sciences Po &#8211; Master en Organisations et Management des ressources<br \/>\nhumaines<\/li>\n<\/ul>\n<p>15:00 Mod\u00e9lisations AMA et prise en compte de l\u2019assurabilit\u00e9 du risque op\u00e9rationnel<\/p>\n<ul>\n<li>Le paysage du risque op\u00e9rationnel et des polices d\u2019assurances en 2015<\/li>\n<li>Cas pratiques d\u2019interaction entre risk management et assurance<br \/>\nPhilippe Vellard, Finex\/Financial Lines \u2022 Gras Savoye Willis Specialties<\/li>\n<\/ul>\n<p>16:00 Pause caf\u00e9<br \/>\n16:30 Cyber s\u00e9curit\u00e9 : Comment Euroclear g\u00e8re les menaces aux niveaux strat\u00e9gique, tactique et op\u00e9rationnel et comment cela s\u2019int\u00e8gre dans le cadre de la gestion<br \/>\ndes risques ?<br \/>\nLaure Molinier, Head of Security &amp; Business Continuity \u2022 Euroclear SA\/NV<br \/>\n17:30 Fin du s\u00e9minaire<\/p>\n<p><a class=\"fasc-button fasc-size-medium fasc-type-glossy fasc-rounded-medium\" style=\"background-color: #c26b6b; color: #ffffff;\" href=\"https:\/\/conferences-institute.eu\/risques-operationnels\/wp-content\/uploads\/sites\/7\/2016\/02\/Arrow-Institute_Risques-Op\u00e9rationnels_Septembre-2015_programme.pdf\" target=\"_blank\" data-fasc-style=\"background-color:#c26b6b;color:#ffffff;\">Retrouvez le PDF ICI<\/a><\/p>\n","protected":false},"excerpt":{"rendered":"<p>Gestion du Risque Op\u00e9rationnel\u00a0dans l\u2019Industrie Financi\u00e8re Retrouvez le PDF ICI Evolution des risques op\u00e9rationnels :\u00a0plong\u00e9e dans un nouvel environnement ! Evolution des risques op\u00e9rationnels : plong\u00e9e dans un nouvel\u00a0environnement ! \u00a0Les risques op\u00e9rationnels : Le facteur humain au coeur du\u00a0dispositif de GRO Contribution du management des ressources humaines \u00e0 la\u00a0performance des organisations et \u00e0 la <a href=\"https:\/\/conferences-institute.eu\/risques-operationnels\/conference-2015\/\" rel=\"nofollow\"><span class=\"sr-only\">En savoir plus surConf\u00e9rence 2015<\/span>[&hellip;]<\/a><\/p>\n","protected":false},"author":1,"featured_media":0,"parent":0,"menu_order":0,"comment_status":"closed","ping_status":"closed","template":"","meta":{"_monsterinsights_skip_tracking":false,"_monsterinsights_sitenote_active":false,"_monsterinsights_sitenote_note":"","_monsterinsights_sitenote_category":0,"footnotes":""},"class_list":["post-9","page","type-page","status-publish"],"yoast_head":"<!-- This site is optimized with the Yoast SEO plugin v27.1.1 - https:\/\/yoast.com\/product\/yoast-seo-wordpress\/ -->\n<title>Conf\u00e9rence 2015 - GESTION RISQUE OP\u00c9RATIONNEL<\/title>\n<meta name=\"robots\" content=\"index, follow, max-snippet:-1, max-image-preview:large, max-video-preview:-1\" \/>\n<link rel=\"canonical\" href=\"https:\/\/conferences-institute.eu\/risques-operationnels\/conference-2015\/\" \/>\n<meta property=\"og:locale\" content=\"fr_FR\" \/>\n<meta property=\"og:type\" content=\"article\" \/>\n<meta property=\"og:title\" content=\"Conf\u00e9rence 2015 - GESTION RISQUE OP\u00c9RATIONNEL\" \/>\n<meta property=\"og:description\" content=\"Gestion du Risque Op\u00e9rationnel\u00a0dans l\u2019Industrie Financi\u00e8re Retrouvez le PDF ICI Evolution des risques op\u00e9rationnels :\u00a0plong\u00e9e dans un nouvel environnement ! Evolution des risques op\u00e9rationnels : plong\u00e9e dans un nouvel\u00a0environnement ! \u00a0Les risques op\u00e9rationnels : Le facteur humain au coeur du\u00a0dispositif de GRO Contribution du management des ressources humaines \u00e0 la\u00a0performance des organisations et \u00e0 la En savoir plus surConf\u00e9rence 2015[&hellip;]\" \/>\n<meta property=\"og:url\" content=\"https:\/\/conferences-institute.eu\/risques-operationnels\/conference-2015\/\" \/>\n<meta property=\"og:site_name\" content=\"GESTION RISQUE OP\u00c9RATIONNEL\" \/>\n<meta property=\"article:modified_time\" content=\"2016-02-10T14:27:13+00:00\" \/>\n<meta name=\"twitter:card\" content=\"summary_large_image\" \/>\n<meta name=\"twitter:label1\" content=\"Dur\u00e9e de lecture estim\u00e9e\" \/>\n\t<meta name=\"twitter:data1\" content=\"3 minutes\" \/>\n<script type=\"application\/ld+json\" class=\"yoast-schema-graph\">{\"@context\":\"https:\/\/schema.org\",\"@graph\":[{\"@type\":\"WebPage\",\"@id\":\"https:\/\/conferences-institute.eu\/risques-operationnels\/conference-2015\/\",\"url\":\"https:\/\/conferences-institute.eu\/risques-operationnels\/conference-2015\/\",\"name\":\"Conf\u00e9rence 2015 - GESTION RISQUE OP\u00c9RATIONNEL\",\"isPartOf\":{\"@id\":\"https:\/\/conferences-institute.eu\/risques-operationnels\/#website\"},\"datePublished\":\"2016-02-10T13:12:24+00:00\",\"dateModified\":\"2016-02-10T14:27:13+00:00\",\"breadcrumb\":{\"@id\":\"https:\/\/conferences-institute.eu\/risques-operationnels\/conference-2015\/#breadcrumb\"},\"inLanguage\":\"fr-FR\",\"potentialAction\":[{\"@type\":\"ReadAction\",\"target\":[\"https:\/\/conferences-institute.eu\/risques-operationnels\/conference-2015\/\"]}]},{\"@type\":\"BreadcrumbList\",\"@id\":\"https:\/\/conferences-institute.eu\/risques-operationnels\/conference-2015\/#breadcrumb\",\"itemListElement\":[{\"@type\":\"ListItem\",\"position\":1,\"name\":\"Accueil\",\"item\":\"https:\/\/conferences-institute.eu\/risques-operationnels\/\"},{\"@type\":\"ListItem\",\"position\":2,\"name\":\"Conf\u00e9rence 2015\"}]},{\"@type\":\"WebSite\",\"@id\":\"https:\/\/conferences-institute.eu\/risques-operationnels\/#website\",\"url\":\"https:\/\/conferences-institute.eu\/risques-operationnels\/\",\"name\":\"GESTION RISQUE OP\u00c9RATIONNEL\",\"description\":\"S\u00e9minaire Gestion Risque Op\u00e9rationnel\",\"potentialAction\":[{\"@type\":\"SearchAction\",\"target\":{\"@type\":\"EntryPoint\",\"urlTemplate\":\"https:\/\/conferences-institute.eu\/risques-operationnels\/?s={search_term_string}\"},\"query-input\":{\"@type\":\"PropertyValueSpecification\",\"valueRequired\":true,\"valueName\":\"search_term_string\"}}],\"inLanguage\":\"fr-FR\"}]}<\/script>\n<!-- \/ Yoast SEO plugin. -->","yoast_head_json":{"title":"Conf\u00e9rence 2015 - GESTION RISQUE OP\u00c9RATIONNEL","robots":{"index":"index","follow":"follow","max-snippet":"max-snippet:-1","max-image-preview":"max-image-preview:large","max-video-preview":"max-video-preview:-1"},"canonical":"https:\/\/conferences-institute.eu\/risques-operationnels\/conference-2015\/","og_locale":"fr_FR","og_type":"article","og_title":"Conf\u00e9rence 2015 - GESTION RISQUE OP\u00c9RATIONNEL","og_description":"Gestion du Risque Op\u00e9rationnel\u00a0dans l\u2019Industrie Financi\u00e8re Retrouvez le PDF ICI Evolution des risques op\u00e9rationnels :\u00a0plong\u00e9e dans un nouvel environnement ! Evolution des risques op\u00e9rationnels : plong\u00e9e dans un nouvel\u00a0environnement ! \u00a0Les risques op\u00e9rationnels : Le facteur humain au coeur du\u00a0dispositif de GRO Contribution du management des ressources humaines \u00e0 la\u00a0performance des organisations et \u00e0 la En savoir plus surConf\u00e9rence 2015[&hellip;]","og_url":"https:\/\/conferences-institute.eu\/risques-operationnels\/conference-2015\/","og_site_name":"GESTION RISQUE OP\u00c9RATIONNEL","article_modified_time":"2016-02-10T14:27:13+00:00","twitter_card":"summary_large_image","twitter_misc":{"Dur\u00e9e de lecture estim\u00e9e":"3 minutes"},"schema":{"@context":"https:\/\/schema.org","@graph":[{"@type":"WebPage","@id":"https:\/\/conferences-institute.eu\/risques-operationnels\/conference-2015\/","url":"https:\/\/conferences-institute.eu\/risques-operationnels\/conference-2015\/","name":"Conf\u00e9rence 2015 - GESTION RISQUE OP\u00c9RATIONNEL","isPartOf":{"@id":"https:\/\/conferences-institute.eu\/risques-operationnels\/#website"},"datePublished":"2016-02-10T13:12:24+00:00","dateModified":"2016-02-10T14:27:13+00:00","breadcrumb":{"@id":"https:\/\/conferences-institute.eu\/risques-operationnels\/conference-2015\/#breadcrumb"},"inLanguage":"fr-FR","potentialAction":[{"@type":"ReadAction","target":["https:\/\/conferences-institute.eu\/risques-operationnels\/conference-2015\/"]}]},{"@type":"BreadcrumbList","@id":"https:\/\/conferences-institute.eu\/risques-operationnels\/conference-2015\/#breadcrumb","itemListElement":[{"@type":"ListItem","position":1,"name":"Accueil","item":"https:\/\/conferences-institute.eu\/risques-operationnels\/"},{"@type":"ListItem","position":2,"name":"Conf\u00e9rence 2015"}]},{"@type":"WebSite","@id":"https:\/\/conferences-institute.eu\/risques-operationnels\/#website","url":"https:\/\/conferences-institute.eu\/risques-operationnels\/","name":"GESTION RISQUE OP\u00c9RATIONNEL","description":"S\u00e9minaire Gestion Risque Op\u00e9rationnel","potentialAction":[{"@type":"SearchAction","target":{"@type":"EntryPoint","urlTemplate":"https:\/\/conferences-institute.eu\/risques-operationnels\/?s={search_term_string}"},"query-input":{"@type":"PropertyValueSpecification","valueRequired":true,"valueName":"search_term_string"}}],"inLanguage":"fr-FR"}]}},"_links":{"self":[{"href":"https:\/\/conferences-institute.eu\/risques-operationnels\/wp-json\/wp\/v2\/pages\/9","targetHints":{"allow":["GET"]}}],"collection":[{"href":"https:\/\/conferences-institute.eu\/risques-operationnels\/wp-json\/wp\/v2\/pages"}],"about":[{"href":"https:\/\/conferences-institute.eu\/risques-operationnels\/wp-json\/wp\/v2\/types\/page"}],"author":[{"embeddable":true,"href":"https:\/\/conferences-institute.eu\/risques-operationnels\/wp-json\/wp\/v2\/users\/1"}],"replies":[{"embeddable":true,"href":"https:\/\/conferences-institute.eu\/risques-operationnels\/wp-json\/wp\/v2\/comments?post=9"}],"version-history":[{"count":3,"href":"https:\/\/conferences-institute.eu\/risques-operationnels\/wp-json\/wp\/v2\/pages\/9\/revisions"}],"predecessor-version":[{"id":33,"href":"https:\/\/conferences-institute.eu\/risques-operationnels\/wp-json\/wp\/v2\/pages\/9\/revisions\/33"}],"wp:attachment":[{"href":"https:\/\/conferences-institute.eu\/risques-operationnels\/wp-json\/wp\/v2\/media?parent=9"}],"curies":[{"name":"wp","href":"https:\/\/api.w.org\/{rel}","templated":true}]}}