{"id":40,"date":"2016-02-18T11:15:42","date_gmt":"2016-02-18T10:15:42","guid":{"rendered":"http:\/\/conferences-institute.eu\/risques-operationnels\/?page_id=40"},"modified":"2016-02-18T11:15:42","modified_gmt":"2016-02-18T10:15:42","slug":"presentation-slideshare-seminaire-de-formation","status":"publish","type":"page","link":"https:\/\/conferences-institute.eu\/risques-operationnels\/presentation-slideshare-seminaire-de-formation\/","title":{"rendered":"Pr\u00e9sentation Slideshare s\u00e9minaire de formation"},"content":{"rendered":"<p><iframe loading=\"lazy\" style=\"border: 1px solid #CCC; border-width: 1px; margin-bottom: 5px; max-width: 100%;\" src=\"\/\/fr.slideshare.net\/slideshow\/embed_code\/key\/Jnnbr5HPPB8v31\" width=\"595\" height=\"485\" frameborder=\"0\" marginwidth=\"0\" marginheight=\"0\" scrolling=\"no\" allowfullscreen=\"allowfullscreen\"> <\/iframe><\/p>\n<div style=\"margin-bottom: 5px;\"><span style=\"color: #000000;\"><strong> <a style=\"color: #000000;\" title=\"Gestion des risques op\u00e9rationnels: Le transfert du risque \u00e0 l'assureur, composante majeure de la gestion du risque\" href=\"\/\/fr.slideshare.net\/Arrowinstitute\/gestion-des-risques-oprationnels-le-transfert-du-risque-lassureur-composante-majeure-de-la-gestion-du-risque\" target=\"_blank\">Gestion des risques op\u00e9rationnels: Le transfert du risque \u00e0 l&rsquo;assureur, composante majeure de la gestion du risque<\/a> <\/strong> from <strong><a style=\"color: #000000;\" href=\"\/\/fr.slideshare.net\/Arrowinstitute\" target=\"_blank\">Arrow Institute<\/a><\/strong><\/span><\/div>\n<p><iframe loading=\"lazy\" style=\"border: 1px solid #CCC; border-width: 1px; margin-bottom: 5px; max-width: 100%;\" src=\"\/\/fr.slideshare.net\/slideshow\/embed_code\/key\/9sLljERJdTt35V\" width=\"595\" height=\"485\" frameborder=\"0\" marginwidth=\"0\" marginheight=\"0\" scrolling=\"no\" allowfullscreen=\"allowfullscreen\"> <\/iframe><\/p>\n<div style=\"margin-bottom: 5px;\"><span style=\"color: #000000;\"><strong> <a style=\"color: #000000;\" title=\"Evolution des risques op\u00e9rationnels, plong\u00e9e dans un nouvel environnement!\" href=\"\/\/fr.slideshare.net\/Arrowinstitute\/evolution-des-risques-oprationnels-plonge-dans-un-nouvel-environnement\" target=\"_blank\">Evolution des risques op\u00e9rationnels, plong\u00e9e dans un nouvel environnement!<\/a> <\/strong> from <strong><a style=\"color: #000000;\" href=\"\/\/fr.slideshare.net\/Arrowinstitute\" target=\"_blank\">Arrow Institute<\/a><\/strong><\/span><\/div>\n<p><iframe loading=\"lazy\" style=\"border: 1px solid #CCC; border-width: 1px; margin-bottom: 5px; max-width: 100%;\" src=\"\/\/fr.slideshare.net\/slideshow\/embed_code\/key\/uRutvL5Oz6cKQv\" width=\"595\" height=\"485\" frameborder=\"0\" marginwidth=\"0\" marginheight=\"0\" scrolling=\"no\" allowfullscreen=\"allowfullscreen\"> <\/iframe><\/p>\n<div style=\"margin-bottom: 5px;\"><span style=\"color: #000000;\"><strong> <a style=\"color: #000000;\" title=\"Will the next systemic crisis be cyber?\" href=\"\/\/fr.slideshare.net\/Arrowinstitute\/will-the-next-systemic-crisis-be-cyber\" target=\"_blank\">Will the next systemic crisis be cyber?<\/a> <\/strong> from <strong><a style=\"color: #000000;\" href=\"\/\/fr.slideshare.net\/Arrowinstitute\" target=\"_blank\">Arrow Institute<\/a><\/strong><\/span><\/div>\n<p><iframe loading=\"lazy\" style=\"border: 1px solid #CCC; border-width: 1px; margin-bottom: 5px; max-width: 100%;\" src=\"\/\/fr.slideshare.net\/slideshow\/embed_code\/key\/2NKZRxHsfGQA1g\" width=\"595\" height=\"485\" frameborder=\"0\" marginwidth=\"0\" marginheight=\"0\" scrolling=\"no\" allowfullscreen=\"allowfullscreen\"> <\/iframe><\/p>\n<div style=\"margin-bottom: 5px;\"><span style=\"color: #000000;\"><strong> <a style=\"color: #000000;\" title=\"Quel Cadre op\u00e9rationnel coh\u00e9rent pour la gestion des risques op\u00e9rationnels?\" href=\"\/\/fr.slideshare.net\/Arrowinstitute\/quel-cadre-oprationnel-cohrent-pour-la-gestion-des-risques-oprationnels\" target=\"_blank\">Quel Cadre op\u00e9rationnel coh\u00e9rent pour la gestion des risques op\u00e9rationnels?<\/a> <\/strong> from <strong><a style=\"color: #000000;\" href=\"\/\/fr.slideshare.net\/Arrowinstitute\" target=\"_blank\">Arrow Institute<\/a><\/strong><\/span><\/div>\n<p><iframe loading=\"lazy\" style=\"border: 1px solid #CCC; border-width: 1px; margin-bottom: 5px; max-width: 100%;\" src=\"\/\/fr.slideshare.net\/slideshow\/embed_code\/key\/7PADuMWoRyGjYY\" width=\"595\" height=\"485\" frameborder=\"0\" marginwidth=\"0\" marginheight=\"0\" scrolling=\"no\" allowfullscreen=\"allowfullscreen\"> <\/iframe><\/p>\n<div style=\"margin-bottom: 5px;\"><span style=\"color: #000000;\"><strong> <a style=\"color: #000000;\" title=\"Comment faire face aux visites inopin\u00e9es des autorit\u00e9s de contr\u00f4le?\" href=\"\/\/fr.slideshare.net\/Arrowinstitute\/comment-faire-face-aux-visites-inopines-des-autorits-de-contrle\" target=\"_blank\">Comment faire face aux visites inopin\u00e9es des autorit\u00e9s de contr\u00f4le?<\/a> <\/strong> from <strong><a style=\"color: #000000;\" href=\"\/\/fr.slideshare.net\/Arrowinstitute\" target=\"_blank\">Arrow Institute<\/a><\/strong><\/span><\/div>\n","protected":false},"excerpt":{"rendered":"<p>Gestion des risques op\u00e9rationnels: Le transfert du risque \u00e0 l&rsquo;assureur, composante majeure de la gestion du risque from Arrow Institute Evolution des risques op\u00e9rationnels, plong\u00e9e dans un nouvel environnement! from Arrow Institute Will the next systemic crisis be cyber? from Arrow Institute Quel Cadre op\u00e9rationnel coh\u00e9rent pour la gestion des risques op\u00e9rationnels? from Arrow Institute <a href=\"https:\/\/conferences-institute.eu\/risques-operationnels\/presentation-slideshare-seminaire-de-formation\/\" rel=\"nofollow\"><span class=\"sr-only\">En savoir plus surPr\u00e9sentation Slideshare s\u00e9minaire de formation<\/span>[&hellip;]<\/a><\/p>\n","protected":false},"author":1,"featured_media":0,"parent":0,"menu_order":0,"comment_status":"closed","ping_status":"closed","template":"","meta":{"_monsterinsights_skip_tracking":false,"_monsterinsights_sitenote_active":false,"_monsterinsights_sitenote_note":"","_monsterinsights_sitenote_category":0,"footnotes":""},"class_list":["post-40","page","type-page","status-publish"],"yoast_head":"<!-- This site is optimized with the Yoast SEO plugin v27.1.1 - https:\/\/yoast.com\/product\/yoast-seo-wordpress\/ -->\n<title>Pr\u00e9sentation Slideshare s\u00e9minaire de formation - GESTION RISQUE OP\u00c9RATIONNEL<\/title>\n<meta name=\"robots\" content=\"index, follow, max-snippet:-1, max-image-preview:large, max-video-preview:-1\" \/>\n<link rel=\"canonical\" href=\"https:\/\/conferences-institute.eu\/risques-operationnels\/presentation-slideshare-seminaire-de-formation\/\" \/>\n<meta property=\"og:locale\" content=\"fr_FR\" \/>\n<meta property=\"og:type\" content=\"article\" \/>\n<meta property=\"og:title\" content=\"Pr\u00e9sentation Slideshare s\u00e9minaire de formation - GESTION RISQUE OP\u00c9RATIONNEL\" \/>\n<meta property=\"og:description\" content=\"Gestion des risques op\u00e9rationnels: Le transfert du risque \u00e0 l&rsquo;assureur, composante majeure de la gestion du risque from Arrow Institute Evolution des risques op\u00e9rationnels, plong\u00e9e dans un nouvel environnement! from Arrow Institute Will the next systemic crisis be cyber? from Arrow Institute Quel Cadre op\u00e9rationnel coh\u00e9rent pour la gestion des risques op\u00e9rationnels? from Arrow Institute En savoir plus surPr\u00e9sentation Slideshare s\u00e9minaire de formation[&hellip;]\" \/>\n<meta property=\"og:url\" content=\"https:\/\/conferences-institute.eu\/risques-operationnels\/presentation-slideshare-seminaire-de-formation\/\" \/>\n<meta property=\"og:site_name\" content=\"GESTION RISQUE OP\u00c9RATIONNEL\" \/>\n<meta name=\"twitter:card\" content=\"summary_large_image\" \/>\n<script type=\"application\/ld+json\" class=\"yoast-schema-graph\">{\"@context\":\"https:\/\/schema.org\",\"@graph\":[{\"@type\":\"WebPage\",\"@id\":\"https:\/\/conferences-institute.eu\/risques-operationnels\/presentation-slideshare-seminaire-de-formation\/\",\"url\":\"https:\/\/conferences-institute.eu\/risques-operationnels\/presentation-slideshare-seminaire-de-formation\/\",\"name\":\"Pr\u00e9sentation Slideshare s\u00e9minaire de formation - GESTION RISQUE OP\u00c9RATIONNEL\",\"isPartOf\":{\"@id\":\"https:\/\/conferences-institute.eu\/risques-operationnels\/#website\"},\"datePublished\":\"2016-02-18T10:15:42+00:00\",\"breadcrumb\":{\"@id\":\"https:\/\/conferences-institute.eu\/risques-operationnels\/presentation-slideshare-seminaire-de-formation\/#breadcrumb\"},\"inLanguage\":\"fr-FR\",\"potentialAction\":[{\"@type\":\"ReadAction\",\"target\":[\"https:\/\/conferences-institute.eu\/risques-operationnels\/presentation-slideshare-seminaire-de-formation\/\"]}]},{\"@type\":\"BreadcrumbList\",\"@id\":\"https:\/\/conferences-institute.eu\/risques-operationnels\/presentation-slideshare-seminaire-de-formation\/#breadcrumb\",\"itemListElement\":[{\"@type\":\"ListItem\",\"position\":1,\"name\":\"Accueil\",\"item\":\"https:\/\/conferences-institute.eu\/risques-operationnels\/\"},{\"@type\":\"ListItem\",\"position\":2,\"name\":\"Pr\u00e9sentation Slideshare s\u00e9minaire de formation\"}]},{\"@type\":\"WebSite\",\"@id\":\"https:\/\/conferences-institute.eu\/risques-operationnels\/#website\",\"url\":\"https:\/\/conferences-institute.eu\/risques-operationnels\/\",\"name\":\"GESTION RISQUE OP\u00c9RATIONNEL\",\"description\":\"S\u00e9minaire Gestion Risque Op\u00e9rationnel\",\"potentialAction\":[{\"@type\":\"SearchAction\",\"target\":{\"@type\":\"EntryPoint\",\"urlTemplate\":\"https:\/\/conferences-institute.eu\/risques-operationnels\/?s={search_term_string}\"},\"query-input\":{\"@type\":\"PropertyValueSpecification\",\"valueRequired\":true,\"valueName\":\"search_term_string\"}}],\"inLanguage\":\"fr-FR\"}]}<\/script>\n<!-- \/ Yoast SEO plugin. -->","yoast_head_json":{"title":"Pr\u00e9sentation Slideshare s\u00e9minaire de formation - GESTION RISQUE OP\u00c9RATIONNEL","robots":{"index":"index","follow":"follow","max-snippet":"max-snippet:-1","max-image-preview":"max-image-preview:large","max-video-preview":"max-video-preview:-1"},"canonical":"https:\/\/conferences-institute.eu\/risques-operationnels\/presentation-slideshare-seminaire-de-formation\/","og_locale":"fr_FR","og_type":"article","og_title":"Pr\u00e9sentation Slideshare s\u00e9minaire de formation - GESTION RISQUE OP\u00c9RATIONNEL","og_description":"Gestion des risques op\u00e9rationnels: Le transfert du risque \u00e0 l&rsquo;assureur, composante majeure de la gestion du risque from Arrow Institute Evolution des risques op\u00e9rationnels, plong\u00e9e dans un nouvel environnement! from Arrow Institute Will the next systemic crisis be cyber? from Arrow Institute Quel Cadre op\u00e9rationnel coh\u00e9rent pour la gestion des risques op\u00e9rationnels? from Arrow Institute En savoir plus surPr\u00e9sentation Slideshare s\u00e9minaire de formation[&hellip;]","og_url":"https:\/\/conferences-institute.eu\/risques-operationnels\/presentation-slideshare-seminaire-de-formation\/","og_site_name":"GESTION RISQUE OP\u00c9RATIONNEL","twitter_card":"summary_large_image","schema":{"@context":"https:\/\/schema.org","@graph":[{"@type":"WebPage","@id":"https:\/\/conferences-institute.eu\/risques-operationnels\/presentation-slideshare-seminaire-de-formation\/","url":"https:\/\/conferences-institute.eu\/risques-operationnels\/presentation-slideshare-seminaire-de-formation\/","name":"Pr\u00e9sentation Slideshare s\u00e9minaire de formation - GESTION RISQUE OP\u00c9RATIONNEL","isPartOf":{"@id":"https:\/\/conferences-institute.eu\/risques-operationnels\/#website"},"datePublished":"2016-02-18T10:15:42+00:00","breadcrumb":{"@id":"https:\/\/conferences-institute.eu\/risques-operationnels\/presentation-slideshare-seminaire-de-formation\/#breadcrumb"},"inLanguage":"fr-FR","potentialAction":[{"@type":"ReadAction","target":["https:\/\/conferences-institute.eu\/risques-operationnels\/presentation-slideshare-seminaire-de-formation\/"]}]},{"@type":"BreadcrumbList","@id":"https:\/\/conferences-institute.eu\/risques-operationnels\/presentation-slideshare-seminaire-de-formation\/#breadcrumb","itemListElement":[{"@type":"ListItem","position":1,"name":"Accueil","item":"https:\/\/conferences-institute.eu\/risques-operationnels\/"},{"@type":"ListItem","position":2,"name":"Pr\u00e9sentation Slideshare s\u00e9minaire de formation"}]},{"@type":"WebSite","@id":"https:\/\/conferences-institute.eu\/risques-operationnels\/#website","url":"https:\/\/conferences-institute.eu\/risques-operationnels\/","name":"GESTION RISQUE OP\u00c9RATIONNEL","description":"S\u00e9minaire Gestion Risque Op\u00e9rationnel","potentialAction":[{"@type":"SearchAction","target":{"@type":"EntryPoint","urlTemplate":"https:\/\/conferences-institute.eu\/risques-operationnels\/?s={search_term_string}"},"query-input":{"@type":"PropertyValueSpecification","valueRequired":true,"valueName":"search_term_string"}}],"inLanguage":"fr-FR"}]}},"_links":{"self":[{"href":"https:\/\/conferences-institute.eu\/risques-operationnels\/wp-json\/wp\/v2\/pages\/40","targetHints":{"allow":["GET"]}}],"collection":[{"href":"https:\/\/conferences-institute.eu\/risques-operationnels\/wp-json\/wp\/v2\/pages"}],"about":[{"href":"https:\/\/conferences-institute.eu\/risques-operationnels\/wp-json\/wp\/v2\/types\/page"}],"author":[{"embeddable":true,"href":"https:\/\/conferences-institute.eu\/risques-operationnels\/wp-json\/wp\/v2\/users\/1"}],"replies":[{"embeddable":true,"href":"https:\/\/conferences-institute.eu\/risques-operationnels\/wp-json\/wp\/v2\/comments?post=40"}],"version-history":[{"count":1,"href":"https:\/\/conferences-institute.eu\/risques-operationnels\/wp-json\/wp\/v2\/pages\/40\/revisions"}],"predecessor-version":[{"id":42,"href":"https:\/\/conferences-institute.eu\/risques-operationnels\/wp-json\/wp\/v2\/pages\/40\/revisions\/42"}],"wp:attachment":[{"href":"https:\/\/conferences-institute.eu\/risques-operationnels\/wp-json\/wp\/v2\/media?parent=40"}],"curies":[{"name":"wp","href":"https:\/\/api.w.org\/{rel}","templated":true}]}}