{"id":2,"date":"2016-02-09T10:34:09","date_gmt":"2016-02-09T09:34:09","guid":{"rendered":"http:\/\/conferences-institute.eu\/excellence-operationnelle\/?page_id=2"},"modified":"2016-02-09T17:37:26","modified_gmt":"2016-02-09T16:37:26","slug":"annees-precedentes","status":"publish","type":"page","link":"https:\/\/conferences-institute.eu\/excellence-operationnelle\/annees-precedentes\/","title":{"rendered":"Ann\u00e9es pr\u00e9c\u00e9dentes"},"content":{"rendered":"<p>L\u2019Excellence Op\u00e9rationnelle est devenue un sujet cl\u00e9 pour les acteurs de l\u2019Industrie Financi\u00e8re. Elle fait aujourd\u2019hui partie de la feuille de route de toutes les directions des \u00e9tablissements financiers.<\/p>\n<p>La r\u00e9cente crise, la r\u00e9glementation croissante, la concurrence accrue sur les march\u00e9s domestiques et internationaux et le cort\u00e8ge de restructurations qui s\u2019ensuivent obligent les institutions financi\u00e8res \u00e0 am\u00e9liorer leur performance op\u00e9rationnelle.<\/p>\n<p>Toutes les entreprises, quelles que soient leur taille et leurs activit\u00e9s, ont lanc\u00e9 des actions dans ce sens, en fonction de leurs priorit\u00e9s :<\/p>\n<ul>\n<li>Mise en \u0153uvre de l\u2019industrialisation des processus<\/li>\n<li>Pilotage de l\u2019am\u00e9lioration continue<\/li>\n<li>Pilotage de la performance op\u00e9rationnelle et commerciale<\/li>\n<li>Digital et Excellence Op\u00e9rationnelle<\/li>\n<li>Approche organisation et processus : exemple de la gestion des habilitations<\/li>\n<li>Mise en oeuvre de la conduite du changement<\/li>\n<li>Recherche de l\u2019adh\u00e9sion des collaborateurs<\/li>\n<li>Tableau de bord et contr\u00f4le des activit\u00e9s (BAM)<\/li>\n<\/ul>\n<p>Mais les chantiers \u00e0 ouvrir pour am\u00e9liorer la performance op\u00e9rationnelle sont nombreux, et il est parfois difficile d\u2019y voir clair, d\u2019identifier les leviers \u00e0 activer en priorit\u00e9.<\/p>\n<p>L\u2019objectif de ce s\u00e9minaire est de cristalliser les avanc\u00e9es sur les m\u00e9thodes, outils et organisation sous forme de retours d\u2019exp\u00e9rience sur des cas concrets d\u2019am\u00e9lioration de la performance op\u00e9rationnelle dans l\u2019Industrie Financi\u00e8re.<\/p>\n<p><strong>PUBLIC CONCERN\u00c9 :<\/strong><\/p>\n<ul>\n<li>Au sein de l\u2019ensemble des m\u00e9tiers de l\u2019industrie financi\u00e8re (Banque de d\u00e9tail, BFI, asset management, Banque Priv\u00e9e, Services aux Investisseurs, Assurance\u2026) :<\/li>\n<li>Responsable du Pilotage des Processus<\/li>\n<li>Responsable de programme Lean Management<\/li>\n<li>Responsable Organisation<\/li>\n<li>Responsable M\u00e9thodologie<\/li>\n<li>Responsable Op\u00e9rations<\/li>\n<li>Responsable Middle et\/ou Back offices<\/li>\n<li>Responsable Syst\u00e8mes d\u2019Information<\/li>\n<li>Responsable Qualit\u00e9 \/ Service Client<\/li>\n<li>Direction des Ressources Humaines<\/li>\n<\/ul>\n","protected":false},"excerpt":{"rendered":"<p>L\u2019Excellence Op\u00e9rationnelle est devenue un sujet cl\u00e9 pour les acteurs de l\u2019Industrie Financi\u00e8re. Elle fait aujourd\u2019hui partie de la feuille de route de toutes les directions des \u00e9tablissements financiers. La r\u00e9cente crise, la r\u00e9glementation croissante, la concurrence accrue sur les march\u00e9s domestiques et internationaux et le cort\u00e8ge de restructurations qui s\u2019ensuivent obligent les institutions financi\u00e8res <a href=\"https:\/\/conferences-institute.eu\/excellence-operationnelle\/annees-precedentes\/\" rel=\"nofollow\"><span class=\"sr-only\">En savoir plus surAnn\u00e9es pr\u00e9c\u00e9dentes<\/span>[&hellip;]<\/a><\/p>\n","protected":false},"author":1,"featured_media":0,"parent":0,"menu_order":0,"comment_status":"closed","ping_status":"open","template":"","meta":{"_monsterinsights_skip_tracking":false,"_monsterinsights_sitenote_active":false,"_monsterinsights_sitenote_note":"","_monsterinsights_sitenote_category":0,"footnotes":""},"class_list":["post-2","page","type-page","status-publish"],"yoast_head":"<!-- This site is optimized with the Yoast SEO plugin v27.1.1 - https:\/\/yoast.com\/product\/yoast-seo-wordpress\/ -->\n<title>Ann\u00e9es pr\u00e9c\u00e9dentes - Excellence Operationnelle<\/title>\n<meta name=\"robots\" content=\"index, follow, max-snippet:-1, max-image-preview:large, max-video-preview:-1\" \/>\n<link rel=\"canonical\" href=\"https:\/\/conferences-institute.eu\/excellence-operationnelle\/annees-precedentes\/\" \/>\n<meta property=\"og:locale\" content=\"fr_FR\" \/>\n<meta property=\"og:type\" content=\"article\" \/>\n<meta property=\"og:title\" content=\"Ann\u00e9es pr\u00e9c\u00e9dentes - Excellence Operationnelle\" \/>\n<meta property=\"og:description\" content=\"L\u2019Excellence Op\u00e9rationnelle est devenue un sujet cl\u00e9 pour les acteurs de l\u2019Industrie Financi\u00e8re. Elle fait aujourd\u2019hui partie de la feuille de route de toutes les directions des \u00e9tablissements financiers. La r\u00e9cente crise, la r\u00e9glementation croissante, la concurrence accrue sur les march\u00e9s domestiques et internationaux et le cort\u00e8ge de restructurations qui s\u2019ensuivent obligent les institutions financi\u00e8res En savoir plus surAnn\u00e9es pr\u00e9c\u00e9dentes[&hellip;]\" \/>\n<meta property=\"og:url\" content=\"https:\/\/conferences-institute.eu\/excellence-operationnelle\/annees-precedentes\/\" \/>\n<meta property=\"og:site_name\" content=\"Excellence Operationnelle\" \/>\n<meta property=\"article:modified_time\" content=\"2016-02-09T16:37:26+00:00\" \/>\n<meta name=\"twitter:card\" content=\"summary_large_image\" \/>\n<meta name=\"twitter:label1\" content=\"Dur\u00e9e de lecture estim\u00e9e\" \/>\n\t<meta name=\"twitter:data1\" content=\"1 minute\" \/>\n<script type=\"application\/ld+json\" class=\"yoast-schema-graph\">{\"@context\":\"https:\/\/schema.org\",\"@graph\":[{\"@type\":\"WebPage\",\"@id\":\"https:\/\/conferences-institute.eu\/excellence-operationnelle\/annees-precedentes\/\",\"url\":\"https:\/\/conferences-institute.eu\/excellence-operationnelle\/annees-precedentes\/\",\"name\":\"Ann\u00e9es pr\u00e9c\u00e9dentes - Excellence Operationnelle\",\"isPartOf\":{\"@id\":\"https:\/\/conferences-institute.eu\/excellence-operationnelle\/#website\"},\"datePublished\":\"2016-02-09T09:34:09+00:00\",\"dateModified\":\"2016-02-09T16:37:26+00:00\",\"breadcrumb\":{\"@id\":\"https:\/\/conferences-institute.eu\/excellence-operationnelle\/annees-precedentes\/#breadcrumb\"},\"inLanguage\":\"fr-FR\",\"potentialAction\":[{\"@type\":\"ReadAction\",\"target\":[\"https:\/\/conferences-institute.eu\/excellence-operationnelle\/annees-precedentes\/\"]}]},{\"@type\":\"BreadcrumbList\",\"@id\":\"https:\/\/conferences-institute.eu\/excellence-operationnelle\/annees-precedentes\/#breadcrumb\",\"itemListElement\":[{\"@type\":\"ListItem\",\"position\":1,\"name\":\"Accueil\",\"item\":\"https:\/\/conferences-institute.eu\/excellence-operationnelle\/\"},{\"@type\":\"ListItem\",\"position\":2,\"name\":\"Ann\u00e9es pr\u00e9c\u00e9dentes\"}]},{\"@type\":\"WebSite\",\"@id\":\"https:\/\/conferences-institute.eu\/excellence-operationnelle\/#website\",\"url\":\"https:\/\/conferences-institute.eu\/excellence-operationnelle\/\",\"name\":\"Excellence Operationnelle\",\"description\":\"Conf\u00e9rences: Excellence Operationnelle \",\"publisher\":{\"@id\":\"https:\/\/conferences-institute.eu\/excellence-operationnelle\/#organization\"},\"potentialAction\":[{\"@type\":\"SearchAction\",\"target\":{\"@type\":\"EntryPoint\",\"urlTemplate\":\"https:\/\/conferences-institute.eu\/excellence-operationnelle\/?s={search_term_string}\"},\"query-input\":{\"@type\":\"PropertyValueSpecification\",\"valueRequired\":true,\"valueName\":\"search_term_string\"}}],\"inLanguage\":\"fr-FR\"},{\"@type\":\"Organization\",\"@id\":\"https:\/\/conferences-institute.eu\/excellence-operationnelle\/#organization\",\"name\":\"Excellence Operationnelle\",\"url\":\"https:\/\/conferences-institute.eu\/excellence-operationnelle\/\",\"logo\":{\"@type\":\"ImageObject\",\"inLanguage\":\"fr-FR\",\"@id\":\"https:\/\/conferences-institute.eu\/excellence-operationnelle\/#\/schema\/logo\/image\/\",\"url\":\"https:\/\/conferences-institute.eu\/excellence-operationnelle\/wp-content\/uploads\/sites\/5\/2016\/06\/logo.png.png\",\"contentUrl\":\"https:\/\/conferences-institute.eu\/excellence-operationnelle\/wp-content\/uploads\/sites\/5\/2016\/06\/logo.png.png\",\"width\":300,\"height\":80,\"caption\":\"Excellence Operationnelle\"},\"image\":{\"@id\":\"https:\/\/conferences-institute.eu\/excellence-operationnelle\/#\/schema\/logo\/image\/\"}}]}<\/script>\n<!-- \/ Yoast SEO plugin. -->","yoast_head_json":{"title":"Ann\u00e9es pr\u00e9c\u00e9dentes - Excellence Operationnelle","robots":{"index":"index","follow":"follow","max-snippet":"max-snippet:-1","max-image-preview":"max-image-preview:large","max-video-preview":"max-video-preview:-1"},"canonical":"https:\/\/conferences-institute.eu\/excellence-operationnelle\/annees-precedentes\/","og_locale":"fr_FR","og_type":"article","og_title":"Ann\u00e9es pr\u00e9c\u00e9dentes - Excellence Operationnelle","og_description":"L\u2019Excellence Op\u00e9rationnelle est devenue un sujet cl\u00e9 pour les acteurs de l\u2019Industrie Financi\u00e8re. Elle fait aujourd\u2019hui partie de la feuille de route de toutes les directions des \u00e9tablissements financiers. La r\u00e9cente crise, la r\u00e9glementation croissante, la concurrence accrue sur les march\u00e9s domestiques et internationaux et le cort\u00e8ge de restructurations qui s\u2019ensuivent obligent les institutions financi\u00e8res En savoir plus surAnn\u00e9es pr\u00e9c\u00e9dentes[&hellip;]","og_url":"https:\/\/conferences-institute.eu\/excellence-operationnelle\/annees-precedentes\/","og_site_name":"Excellence Operationnelle","article_modified_time":"2016-02-09T16:37:26+00:00","twitter_card":"summary_large_image","twitter_misc":{"Dur\u00e9e de lecture estim\u00e9e":"1 minute"},"schema":{"@context":"https:\/\/schema.org","@graph":[{"@type":"WebPage","@id":"https:\/\/conferences-institute.eu\/excellence-operationnelle\/annees-precedentes\/","url":"https:\/\/conferences-institute.eu\/excellence-operationnelle\/annees-precedentes\/","name":"Ann\u00e9es pr\u00e9c\u00e9dentes - Excellence Operationnelle","isPartOf":{"@id":"https:\/\/conferences-institute.eu\/excellence-operationnelle\/#website"},"datePublished":"2016-02-09T09:34:09+00:00","dateModified":"2016-02-09T16:37:26+00:00","breadcrumb":{"@id":"https:\/\/conferences-institute.eu\/excellence-operationnelle\/annees-precedentes\/#breadcrumb"},"inLanguage":"fr-FR","potentialAction":[{"@type":"ReadAction","target":["https:\/\/conferences-institute.eu\/excellence-operationnelle\/annees-precedentes\/"]}]},{"@type":"BreadcrumbList","@id":"https:\/\/conferences-institute.eu\/excellence-operationnelle\/annees-precedentes\/#breadcrumb","itemListElement":[{"@type":"ListItem","position":1,"name":"Accueil","item":"https:\/\/conferences-institute.eu\/excellence-operationnelle\/"},{"@type":"ListItem","position":2,"name":"Ann\u00e9es pr\u00e9c\u00e9dentes"}]},{"@type":"WebSite","@id":"https:\/\/conferences-institute.eu\/excellence-operationnelle\/#website","url":"https:\/\/conferences-institute.eu\/excellence-operationnelle\/","name":"Excellence Operationnelle","description":"Conf\u00e9rences: Excellence Operationnelle ","publisher":{"@id":"https:\/\/conferences-institute.eu\/excellence-operationnelle\/#organization"},"potentialAction":[{"@type":"SearchAction","target":{"@type":"EntryPoint","urlTemplate":"https:\/\/conferences-institute.eu\/excellence-operationnelle\/?s={search_term_string}"},"query-input":{"@type":"PropertyValueSpecification","valueRequired":true,"valueName":"search_term_string"}}],"inLanguage":"fr-FR"},{"@type":"Organization","@id":"https:\/\/conferences-institute.eu\/excellence-operationnelle\/#organization","name":"Excellence Operationnelle","url":"https:\/\/conferences-institute.eu\/excellence-operationnelle\/","logo":{"@type":"ImageObject","inLanguage":"fr-FR","@id":"https:\/\/conferences-institute.eu\/excellence-operationnelle\/#\/schema\/logo\/image\/","url":"https:\/\/conferences-institute.eu\/excellence-operationnelle\/wp-content\/uploads\/sites\/5\/2016\/06\/logo.png.png","contentUrl":"https:\/\/conferences-institute.eu\/excellence-operationnelle\/wp-content\/uploads\/sites\/5\/2016\/06\/logo.png.png","width":300,"height":80,"caption":"Excellence Operationnelle"},"image":{"@id":"https:\/\/conferences-institute.eu\/excellence-operationnelle\/#\/schema\/logo\/image\/"}}]}},"_links":{"self":[{"href":"https:\/\/conferences-institute.eu\/excellence-operationnelle\/wp-json\/wp\/v2\/pages\/2","targetHints":{"allow":["GET"]}}],"collection":[{"href":"https:\/\/conferences-institute.eu\/excellence-operationnelle\/wp-json\/wp\/v2\/pages"}],"about":[{"href":"https:\/\/conferences-institute.eu\/excellence-operationnelle\/wp-json\/wp\/v2\/types\/page"}],"author":[{"embeddable":true,"href":"https:\/\/conferences-institute.eu\/excellence-operationnelle\/wp-json\/wp\/v2\/users\/1"}],"replies":[{"embeddable":true,"href":"https:\/\/conferences-institute.eu\/excellence-operationnelle\/wp-json\/wp\/v2\/comments?post=2"}],"version-history":[{"count":2,"href":"https:\/\/conferences-institute.eu\/excellence-operationnelle\/wp-json\/wp\/v2\/pages\/2\/revisions"}],"predecessor-version":[{"id":36,"href":"https:\/\/conferences-institute.eu\/excellence-operationnelle\/wp-json\/wp\/v2\/pages\/2\/revisions\/36"}],"wp:attachment":[{"href":"https:\/\/conferences-institute.eu\/excellence-operationnelle\/wp-json\/wp\/v2\/media?parent=2"}],"curies":[{"name":"wp","href":"https:\/\/api.w.org\/{rel}","templated":true}]}}