{"id":35,"date":"2016-02-18T11:08:51","date_gmt":"2016-02-18T10:08:51","guid":{"rendered":"http:\/\/conferences-institute.eu\/bale-iii\/?page_id=35"},"modified":"2016-02-18T11:08:51","modified_gmt":"2016-02-18T10:08:51","slug":"presentation-slideshare-seminaire-de-formation","status":"publish","type":"page","link":"https:\/\/conferences-institute.eu\/bale-iii\/presentation-slideshare-seminaire-de-formation\/","title":{"rendered":"Pr\u00e9sentation Slideshare s\u00e9minaire de formation"},"content":{"rendered":"<p><iframe loading=\"lazy\" style=\"border: 1px solid #CCC; border-width: 1px; margin-bottom: 5px; max-width: 100%;\" src=\"\/\/fr.slideshare.net\/slideshow\/embed_code\/key\/7lhkOEqdHGKol\" width=\"595\" height=\"485\" frameborder=\"0\" marginwidth=\"0\" marginheight=\"0\" scrolling=\"no\" allowfullscreen=\"allowfullscreen\"> <\/iframe><\/p>\n<div style=\"margin-bottom: 5px;\"><span style=\"color: #000000;\"><strong> <a style=\"color: #000000;\" title=\"La nouvelle r\u00e9glementation B\u00e2le III implique-t-elle un changement des business models bancaires? \" href=\"\/\/fr.slideshare.net\/Arrowinstitute\/la-nouvelle-rglementation-ble-iii-impliquetelle-un-changement-des-business-models-bancaires\" target=\"_blank\">La nouvelle r\u00e9glementation B\u00e2le III implique-t-elle un changement des business models bancaires? <\/a> <\/strong> from <strong><a style=\"color: #000000;\" href=\"\/\/fr.slideshare.net\/Arrowinstitute\" target=\"_blank\">Arrow Institute<\/a><\/strong><\/span><\/div>\n<p><iframe loading=\"lazy\" style=\"border: 1px solid #CCC; border-width: 1px; margin-bottom: 5px; max-width: 100%;\" src=\"\/\/fr.slideshare.net\/slideshow\/embed_code\/key\/gfQN5V65TPSoAW\" width=\"595\" height=\"485\" frameborder=\"0\" marginwidth=\"0\" marginheight=\"0\" scrolling=\"no\" allowfullscreen=\"allowfullscreen\"> <\/iframe><\/p>\n<div style=\"margin-bottom: 5px;\"><span style=\"color: #000000;\"><strong> <a style=\"color: #000000;\" title=\"Regulatory reporting in the light of the SSM: Industry and supervisors new challenges\" href=\"\/\/fr.slideshare.net\/Arrowinstitute\/regulatory-reporting-in-the-light-of-the-ssm-industry-and-supervisors-new-challenges\" target=\"_blank\">Regulatory reporting in the light of the SSM: Industry and supervisors new challenges<\/a> <\/strong> from <strong><a style=\"color: #000000;\" href=\"\/\/fr.slideshare.net\/Arrowinstitute\" target=\"_blank\">Arrow Institute<\/a><\/strong><\/span><\/div>\n<p><iframe loading=\"lazy\" style=\"border: 1px solid #CCC; border-width: 1px; margin-bottom: 5px; max-width: 100%;\" src=\"\/\/fr.slideshare.net\/slideshow\/embed_code\/key\/uUMg3aptWhlgf0\" width=\"595\" height=\"485\" frameborder=\"0\" marginwidth=\"0\" marginheight=\"0\" scrolling=\"no\" allowfullscreen=\"allowfullscreen\"> <\/iframe><\/p>\n<div style=\"margin-bottom: 5px;\"><span style=\"color: #000000;\"><strong> <a style=\"color: #000000;\" title=\"Probl\u00e9matique qualit\u00e9 sous solvailit\u00e9 2\" href=\"\/\/fr.slideshare.net\/Arrowinstitute\/problmatique-qualit-sous-solvailit-2\" target=\"_blank\">Probl\u00e9matique qualit\u00e9 sous solvailit\u00e9 2<\/a> <\/strong> from <strong><a style=\"color: #000000;\" href=\"\/\/fr.slideshare.net\/Arrowinstitute\" target=\"_blank\">Arrow Institute<\/a><\/strong><\/span><\/div>\n<p><iframe loading=\"lazy\" style=\"border: 1px solid #CCC; border-width: 1px; margin-bottom: 5px; max-width: 100%;\" src=\"\/\/fr.slideshare.net\/slideshow\/embed_code\/key\/p46JbiSn5jkyKj\" width=\"595\" height=\"485\" frameborder=\"0\" marginwidth=\"0\" marginheight=\"0\" scrolling=\"no\" allowfullscreen=\"allowfullscreen\"> <\/iframe><\/p>\n<div style=\"margin-bottom: 5px;\"><span style=\"color: #000000;\"><strong> <a style=\"color: #000000;\" title=\"Les divergenes nationales dans l'application de B\u00e2le III: Etat des lieux de la comp\u00e9tition r\u00e9glementaire\" href=\"\/\/fr.slideshare.net\/Arrowinstitute\/les-divergenes-nationales-dans-lapplication-de-ble-iii-etat-des-lieux-de-la-comptition-rglementaire\" target=\"_blank\">Les divergenes nationales dans l&rsquo;application de B\u00e2le III: Etat des lieux de la comp\u00e9tition r\u00e9glementaire<\/a> <\/strong> from <strong><a style=\"color: #000000;\" href=\"\/\/fr.slideshare.net\/Arrowinstitute\" target=\"_blank\">Arrow Institute<\/a><\/strong><\/span><\/div>\n<p><iframe loading=\"lazy\" style=\"border: 1px solid #CCC; border-width: 1px; margin-bottom: 5px; max-width: 100%;\" src=\"\/\/fr.slideshare.net\/slideshow\/embed_code\/key\/molPRB7F00dyaD\" width=\"595\" height=\"485\" frameborder=\"0\" marginwidth=\"0\" marginheight=\"0\" scrolling=\"no\" allowfullscreen=\"allowfullscreen\"> <\/iframe><\/p>\n<div style=\"margin-bottom: 5px;\"><span style=\"color: #000000;\"><strong> <a style=\"color: #000000;\" title=\"De B\u00e2le II \u00e0 B\u00e2le III : cette nouvel r\u00e9glementation implique-t-elle un changement des business models bancaires?\" href=\"\/\/fr.slideshare.net\/Arrowinstitute\/de-ble-ii-ble-iii-cette-nouvel-rglementation-impliquetelle-un-changement-des-business-models-bancaires\" target=\"_blank\">De B\u00e2le II \u00e0 B\u00e2le III : cette nouvel r\u00e9glementation implique-t-elle un changement des business models bancaires?<\/a> <\/strong> from <strong><a style=\"color: #000000;\" href=\"\/\/fr.slideshare.net\/Arrowinstitute\" target=\"_blank\">Arrow Institute<\/a><\/strong><\/span><\/div>\n","protected":false},"excerpt":{"rendered":"<p>La nouvelle r\u00e9glementation B\u00e2le III implique-t-elle un changement des business models bancaires? from Arrow Institute Regulatory reporting in the light of the SSM: Industry and supervisors new challenges from Arrow Institute Probl\u00e9matique qualit\u00e9 sous solvailit\u00e9 2 from Arrow Institute Les divergenes nationales dans l&rsquo;application de B\u00e2le III: Etat des lieux de la comp\u00e9tition r\u00e9glementaire from <a href=\"https:\/\/conferences-institute.eu\/bale-iii\/presentation-slideshare-seminaire-de-formation\/\" rel=\"nofollow\"><span class=\"sr-only\">En savoir plus surPr\u00e9sentation Slideshare s\u00e9minaire de formation<\/span>[&hellip;]<\/a><\/p>\n","protected":false},"author":1,"featured_media":0,"parent":0,"menu_order":0,"comment_status":"closed","ping_status":"closed","template":"","meta":{"_monsterinsights_skip_tracking":false,"_monsterinsights_sitenote_active":false,"_monsterinsights_sitenote_note":"","_monsterinsights_sitenote_category":0,"footnotes":""},"class_list":["post-35","page","type-page","status-publish"],"yoast_head":"<!-- This site is optimized with the Yoast SEO plugin v27.4 - https:\/\/yoast.com\/product\/yoast-seo-wordpress\/ -->\n<title>Pr\u00e9sentation Slideshare s\u00e9minaire de formation - Directive B\u00e4le III<\/title>\n<meta name=\"robots\" content=\"index, follow, max-snippet:-1, max-image-preview:large, max-video-preview:-1\" \/>\n<link rel=\"canonical\" href=\"https:\/\/conferences-institute.eu\/bale-iii\/presentation-slideshare-seminaire-de-formation\/\" \/>\n<meta property=\"og:locale\" content=\"fr_FR\" \/>\n<meta property=\"og:type\" content=\"article\" \/>\n<meta property=\"og:title\" content=\"Pr\u00e9sentation Slideshare s\u00e9minaire de formation - Directive B\u00e4le III\" \/>\n<meta property=\"og:description\" content=\"La nouvelle r\u00e9glementation B\u00e2le III implique-t-elle un changement des business models bancaires? from Arrow Institute Regulatory reporting in the light of the SSM: Industry and supervisors new challenges from Arrow Institute Probl\u00e9matique qualit\u00e9 sous solvailit\u00e9 2 from Arrow Institute Les divergenes nationales dans l&rsquo;application de B\u00e2le III: Etat des lieux de la comp\u00e9tition r\u00e9glementaire from En savoir plus surPr\u00e9sentation Slideshare s\u00e9minaire de formation[&hellip;]\" \/>\n<meta property=\"og:url\" content=\"https:\/\/conferences-institute.eu\/bale-iii\/presentation-slideshare-seminaire-de-formation\/\" \/>\n<meta property=\"og:site_name\" content=\"Directive B\u00e4le III\" \/>\n<meta name=\"twitter:card\" content=\"summary_large_image\" \/>\n<script type=\"application\/ld+json\" class=\"yoast-schema-graph\">{\"@context\":\"https:\\\/\\\/schema.org\",\"@graph\":[{\"@type\":\"WebPage\",\"@id\":\"https:\\\/\\\/conferences-institute.eu\\\/bale-iii\\\/presentation-slideshare-seminaire-de-formation\\\/\",\"url\":\"https:\\\/\\\/conferences-institute.eu\\\/bale-iii\\\/presentation-slideshare-seminaire-de-formation\\\/\",\"name\":\"Pr\u00e9sentation Slideshare s\u00e9minaire de formation - Directive B\u00e4le III\",\"isPartOf\":{\"@id\":\"http:\\\/\\\/conferences-institute.eu\\\/bale-iii\\\/#website\"},\"datePublished\":\"2016-02-18T10:08:51+00:00\",\"breadcrumb\":{\"@id\":\"https:\\\/\\\/conferences-institute.eu\\\/bale-iii\\\/presentation-slideshare-seminaire-de-formation\\\/#breadcrumb\"},\"inLanguage\":\"fr-FR\",\"potentialAction\":[{\"@type\":\"ReadAction\",\"target\":[\"https:\\\/\\\/conferences-institute.eu\\\/bale-iii\\\/presentation-slideshare-seminaire-de-formation\\\/\"]}]},{\"@type\":\"BreadcrumbList\",\"@id\":\"https:\\\/\\\/conferences-institute.eu\\\/bale-iii\\\/presentation-slideshare-seminaire-de-formation\\\/#breadcrumb\",\"itemListElement\":[{\"@type\":\"ListItem\",\"position\":1,\"name\":\"Accueil\",\"item\":\"http:\\\/\\\/conferences-institute.eu\\\/bale-iii\\\/\"},{\"@type\":\"ListItem\",\"position\":2,\"name\":\"Pr\u00e9sentation Slideshare s\u00e9minaire de formation\"}]},{\"@type\":\"WebSite\",\"@id\":\"http:\\\/\\\/conferences-institute.eu\\\/bale-iii\\\/#website\",\"url\":\"http:\\\/\\\/conferences-institute.eu\\\/bale-iii\\\/\",\"name\":\"Directive B\u00e4le III\",\"description\":\"S\u00e9minaire sur les Directive B\u00e4le III\",\"potentialAction\":[{\"@type\":\"SearchAction\",\"target\":{\"@type\":\"EntryPoint\",\"urlTemplate\":\"http:\\\/\\\/conferences-institute.eu\\\/bale-iii\\\/?s={search_term_string}\"},\"query-input\":{\"@type\":\"PropertyValueSpecification\",\"valueRequired\":true,\"valueName\":\"search_term_string\"}}],\"inLanguage\":\"fr-FR\"}]}<\/script>\n<!-- \/ Yoast SEO plugin. -->","yoast_head_json":{"title":"Pr\u00e9sentation Slideshare s\u00e9minaire de formation - Directive B\u00e4le III","robots":{"index":"index","follow":"follow","max-snippet":"max-snippet:-1","max-image-preview":"max-image-preview:large","max-video-preview":"max-video-preview:-1"},"canonical":"https:\/\/conferences-institute.eu\/bale-iii\/presentation-slideshare-seminaire-de-formation\/","og_locale":"fr_FR","og_type":"article","og_title":"Pr\u00e9sentation Slideshare s\u00e9minaire de formation - Directive B\u00e4le III","og_description":"La nouvelle r\u00e9glementation B\u00e2le III implique-t-elle un changement des business models bancaires? from Arrow Institute Regulatory reporting in the light of the SSM: Industry and supervisors new challenges from Arrow Institute Probl\u00e9matique qualit\u00e9 sous solvailit\u00e9 2 from Arrow Institute Les divergenes nationales dans l&rsquo;application de B\u00e2le III: Etat des lieux de la comp\u00e9tition r\u00e9glementaire from En savoir plus surPr\u00e9sentation Slideshare s\u00e9minaire de formation[&hellip;]","og_url":"https:\/\/conferences-institute.eu\/bale-iii\/presentation-slideshare-seminaire-de-formation\/","og_site_name":"Directive B\u00e4le III","twitter_card":"summary_large_image","schema":{"@context":"https:\/\/schema.org","@graph":[{"@type":"WebPage","@id":"https:\/\/conferences-institute.eu\/bale-iii\/presentation-slideshare-seminaire-de-formation\/","url":"https:\/\/conferences-institute.eu\/bale-iii\/presentation-slideshare-seminaire-de-formation\/","name":"Pr\u00e9sentation Slideshare s\u00e9minaire de formation - Directive B\u00e4le III","isPartOf":{"@id":"http:\/\/conferences-institute.eu\/bale-iii\/#website"},"datePublished":"2016-02-18T10:08:51+00:00","breadcrumb":{"@id":"https:\/\/conferences-institute.eu\/bale-iii\/presentation-slideshare-seminaire-de-formation\/#breadcrumb"},"inLanguage":"fr-FR","potentialAction":[{"@type":"ReadAction","target":["https:\/\/conferences-institute.eu\/bale-iii\/presentation-slideshare-seminaire-de-formation\/"]}]},{"@type":"BreadcrumbList","@id":"https:\/\/conferences-institute.eu\/bale-iii\/presentation-slideshare-seminaire-de-formation\/#breadcrumb","itemListElement":[{"@type":"ListItem","position":1,"name":"Accueil","item":"http:\/\/conferences-institute.eu\/bale-iii\/"},{"@type":"ListItem","position":2,"name":"Pr\u00e9sentation Slideshare s\u00e9minaire de formation"}]},{"@type":"WebSite","@id":"http:\/\/conferences-institute.eu\/bale-iii\/#website","url":"http:\/\/conferences-institute.eu\/bale-iii\/","name":"Directive B\u00e4le III","description":"S\u00e9minaire sur les Directive B\u00e4le III","potentialAction":[{"@type":"SearchAction","target":{"@type":"EntryPoint","urlTemplate":"http:\/\/conferences-institute.eu\/bale-iii\/?s={search_term_string}"},"query-input":{"@type":"PropertyValueSpecification","valueRequired":true,"valueName":"search_term_string"}}],"inLanguage":"fr-FR"}]}},"_links":{"self":[{"href":"https:\/\/conferences-institute.eu\/bale-iii\/wp-json\/wp\/v2\/pages\/35","targetHints":{"allow":["GET"]}}],"collection":[{"href":"https:\/\/conferences-institute.eu\/bale-iii\/wp-json\/wp\/v2\/pages"}],"about":[{"href":"https:\/\/conferences-institute.eu\/bale-iii\/wp-json\/wp\/v2\/types\/page"}],"author":[{"embeddable":true,"href":"https:\/\/conferences-institute.eu\/bale-iii\/wp-json\/wp\/v2\/users\/1"}],"replies":[{"embeddable":true,"href":"https:\/\/conferences-institute.eu\/bale-iii\/wp-json\/wp\/v2\/comments?post=35"}],"version-history":[{"count":1,"href":"https:\/\/conferences-institute.eu\/bale-iii\/wp-json\/wp\/v2\/pages\/35\/revisions"}],"predecessor-version":[{"id":36,"href":"https:\/\/conferences-institute.eu\/bale-iii\/wp-json\/wp\/v2\/pages\/35\/revisions\/36"}],"wp:attachment":[{"href":"https:\/\/conferences-institute.eu\/bale-iii\/wp-json\/wp\/v2\/media?parent=35"}],"curies":[{"name":"wp","href":"https:\/\/api.w.org\/{rel}","templated":true}]}}