{"id":412,"date":"2017-11-28T19:26:48","date_gmt":"2017-11-28T18:26:48","guid":{"rendered":"http:\/\/conferences-institute.eu\/seminaire-conformite\/?page_id=412"},"modified":"2017-11-28T19:29:34","modified_gmt":"2017-11-28T18:29:34","slug":"conference-2017","status":"publish","type":"page","link":"http:\/\/conferences-institute.eu\/seminaire-conformite\/conference-2017\/","title":{"rendered":"Conf\u00e9rence 2017"},"content":{"rendered":"<h1><span style=\"color: #ff0000;\">Conformit\u00e9 et Contr\u00f4le&nbsp;Interne 2017<\/span><\/h1>\n<p><a class=\"fasc-button fasc-size-medium fasc-type-glossy fasc-rounded-medium\" style=\"background-color: #c26b6b; color: #ffffff;\" target=\"_blank\" href=\"http:\/\/conferences-institute.eu\/seminaire-conformite\/wp-content\/uploads\/sites\/2\/2017\/03\/ERI-Institute_Conformite-Controle-Interne_mars-2017_programme2.pdf\">T\u00e9l\u00e9charger le programme complet<\/a><\/p>\n<h2>PROGRAMME<\/h2>\n<p><strong>08:30<\/strong> accueil des participants<\/p>\n<p><strong>09:00<\/strong> <strong>Contr\u00f4le interne, contr\u00f4le permanent, contr\u00f4le p\u00e9riodique, conformit\u00e9 &#8230;<\/strong><br \/>\n\u2014 Quelles sp\u00e9cificit\u00e9s ?<br \/>\n\u2014 Quelles compl\u00e9mentarit\u00e9s ?<br \/>\n\u2014 Quelle coordination ?<\/p>\n<p>Christiane LEGAT, Directrice de l\u2019inspection g\u00e9n\u00e9rale et de l\u2019audit \u2014 Cr\u00e9dit Immobilier de France<\/p>\n<p><strong>10:00 De la cartographie des risques au reporting<\/strong><br \/>\n\u2014 Quels sont les outils \u00e0 mettre en place pour le pilotage des risques et de la conformit\u00e9 ?<br \/>\n\u2014 Comment formaliser l\u2019existant : Une tache chronophage<br \/>\n\u2014 Best practices des m\u00e9thodes et outils<\/p>\n<p>Rodolphe Andrieu-d\u2019Iray, Directeur adjoint OFAC compliance program \u2014 Cr\u00e9dit Agricole S.A.<\/p>\n<p><strong>11:00<\/strong> pause-caf\u00e9<\/p>\n<p><strong>11:30 D\u00e9l\u00e9gation d&rsquo;une fonction de conformit\u00e9 et contr\u00f4le<\/strong><br \/>\n&#8211; Quels choix op\u00e9r\u00e9s ?<br \/>\n&#8211; Quels dispositifs de surveillance, contr\u00f4le et pilotage mettre en place ?<br \/>\n&#8211; Quels b\u00e9n\u00e9fices\/risques ?<\/p>\n<p>Jean-Marc GUITEAU, Chief Compliance Officer &#8211; Comex Member &#8211; BNP Paribas Securities Services<\/p>\n<p><strong>12:30<\/strong> d\u00e9jeuner<\/p>\n<p><strong>14:00 L\u2019encadrement du risque de corruption : compliance et vigilance<\/strong><br \/>\n\u2014 Contexte : une aggravation des risques r\u00e9pressifs (aper\u00c7u du risque de corruption)<br \/>\n\u2014 Mise en place du programme anti-corruption (normes ISO 3700 \/ lignes directrices du SCPC 2015\/<br \/>\nloi sur la transparence \/ loi sur le devoir de vigilance des soci\u00e9t\u00e9s m\u00e8res donneuses d\u2019ordre&#8230;)<br \/>\n\u2014 AFA (Agence Fran\u00c7aise Anticorruption) : missions et attributions<\/p>\n<p>Fr\u00e9d\u00e9ric ECHENNE, Conseiller juridique \u2014 PhD FinancialCrimeConsulting<\/p>\n<p><strong>15: 00 L\u2019intervention de la conformit\u00e9 en mati\u00e8re de corruption<\/strong><br \/>\n\u2014 Les nouvelles r\u00e8gles contenues dans la loi Sapin 2<br \/>\n\u2014 Mise en place d\u2019une politique anti-corruption et des documents associ\u00e9s<br \/>\n\u2014 Politique de cadeaux et avantages<br \/>\n\u2014 Sp\u00e9cificit\u00e9s li\u00e9es \u00e0 la collaboration avec des agents publics, fonctionnaires ou autres personnes politiquement expos\u00e9es.<\/p>\n<p>Evelyn TORTOSA, Directrice de la conformit\u00e9 \u2014 CNP Assurances<\/p>\n<p><strong>16:00<\/strong> pause-caf\u00e9<\/p>\n<p><strong>16:30 Directive Distribution, Contr\u00f4le des pratiques commerciales, Contr\u00f4le ACRP&#8230; : quels impacts<\/strong><br \/>\n<strong>\u00e0 pr\u00e9voir sur l\u2019exercice de la fonction conformit\u00e9 ?<\/strong><br \/>\nQuels impacts concrets pour les interm\u00e9diaires comme pour les assureurs ? Quel changement<br \/>\nde la d\u00e9finition du p\u00e9rim\u00e8tre r\u00e9glement\u00e9 ?<br \/>\n\u2014 R\u00e8gles de bonne conduite : quelles nouveaut\u00e9s en mati\u00e8re d\u2019information, de conseil et de<br \/>\ntransparence de la r\u00e9mun\u00e9ration?<br \/>\n\u2014 Gouvernance produit : comment identifier un march\u00e9 cible et le contr\u00f4ler ?<\/p>\n<p>Marie COLLIN, Directeur Conformit\u00e9 Assurances \u2014 Groupe BPCE<\/p>\n<p><strong>17:30<\/strong> fin du s\u00e9minaire<\/p>\n","protected":false},"excerpt":{"rendered":"<p>Conformit\u00e9 et Contr\u00f4le&nbsp;Interne 2017 T\u00e9l\u00e9charger le programme complet PROGRAMME 08:30 accueil des participants 09:00 Contr\u00f4le interne, contr\u00f4le permanent, contr\u00f4le p\u00e9riodique, conformit\u00e9 &#8230; \u2014 Quelles sp\u00e9cificit\u00e9s ? \u2014 Quelles compl\u00e9mentarit\u00e9s ? \u2014 Quelle coordination ? Christiane LEGAT, Directrice de l\u2019inspection g\u00e9n\u00e9rale et de l\u2019audit \u2014 Cr\u00e9dit Immobilier de France 10:00 De la cartographie des risques au <a href=\"http:\/\/conferences-institute.eu\/seminaire-conformite\/conference-2017\/\" rel=\"nofollow\"><span class=\"sr-only\">En savoir plus surConf\u00e9rence 2017<\/span>[&hellip;]<\/a><\/p>\n","protected":false},"author":1,"featured_media":0,"parent":0,"menu_order":0,"comment_status":"closed","ping_status":"closed","template":"","meta":{"_monsterinsights_skip_tracking":false,"_monsterinsights_sitenote_active":false,"_monsterinsights_sitenote_note":"","_monsterinsights_sitenote_category":0,"footnotes":""},"class_list":["post-412","page","type-page","status-publish"],"yoast_head":"<!-- This site is optimized with the Yoast SEO plugin v27.4 - https:\/\/yoast.com\/product\/yoast-seo-wordpress\/ -->\n<title>Conf\u00e9rence 2017 - CONFORMIT\u00c9 ET CONTR\u00d4LE INTERNE<\/title>\n<meta name=\"robots\" content=\"index, follow, max-snippet:-1, max-image-preview:large, max-video-preview:-1\" \/>\n<link rel=\"canonical\" href=\"http:\/\/conferences-institute.eu\/seminaire-conformite\/conference-2017\/\" \/>\n<meta property=\"og:locale\" content=\"fr_FR\" \/>\n<meta property=\"og:type\" content=\"article\" \/>\n<meta property=\"og:title\" content=\"Conf\u00e9rence 2017 - CONFORMIT\u00c9 ET CONTR\u00d4LE INTERNE\" \/>\n<meta property=\"og:description\" content=\"Conformit\u00e9 et Contr\u00f4le&nbsp;Interne 2017 T\u00e9l\u00e9charger le programme complet PROGRAMME 08:30 accueil des participants 09:00 Contr\u00f4le interne, contr\u00f4le permanent, contr\u00f4le p\u00e9riodique, conformit\u00e9 &#8230; \u2014 Quelles sp\u00e9cificit\u00e9s ? \u2014 Quelles compl\u00e9mentarit\u00e9s ? \u2014 Quelle coordination ? Christiane LEGAT, Directrice de l\u2019inspection g\u00e9n\u00e9rale et de l\u2019audit \u2014 Cr\u00e9dit Immobilier de France 10:00 De la cartographie des risques au En savoir plus surConf\u00e9rence 2017[&hellip;]\" \/>\n<meta property=\"og:url\" content=\"http:\/\/conferences-institute.eu\/seminaire-conformite\/conference-2017\/\" \/>\n<meta property=\"og:site_name\" content=\"CONFORMIT\u00c9 ET CONTR\u00d4LE INTERNE\" \/>\n<meta property=\"article:modified_time\" content=\"2017-11-28T18:29:34+00:00\" \/>\n<meta name=\"twitter:card\" content=\"summary_large_image\" \/>\n<meta name=\"twitter:label1\" content=\"Dur\u00e9e de lecture estim\u00e9e\" \/>\n\t<meta name=\"twitter:data1\" content=\"2 minutes\" \/>\n<script type=\"application\/ld+json\" class=\"yoast-schema-graph\">{\"@context\":\"https:\\\/\\\/schema.org\",\"@graph\":[{\"@type\":\"WebPage\",\"@id\":\"http:\\\/\\\/conferences-institute.eu\\\/seminaire-conformite\\\/conference-2017\\\/\",\"url\":\"http:\\\/\\\/conferences-institute.eu\\\/seminaire-conformite\\\/conference-2017\\\/\",\"name\":\"Conf\u00e9rence 2017 - CONFORMIT\u00c9 ET CONTR\u00d4LE INTERNE\",\"isPartOf\":{\"@id\":\"http:\\\/\\\/conferences-institute.eu\\\/seminaire-conformite\\\/#website\"},\"datePublished\":\"2017-11-28T18:26:48+00:00\",\"dateModified\":\"2017-11-28T18:29:34+00:00\",\"breadcrumb\":{\"@id\":\"http:\\\/\\\/conferences-institute.eu\\\/seminaire-conformite\\\/conference-2017\\\/#breadcrumb\"},\"inLanguage\":\"fr-FR\",\"potentialAction\":[{\"@type\":\"ReadAction\",\"target\":[\"http:\\\/\\\/conferences-institute.eu\\\/seminaire-conformite\\\/conference-2017\\\/\"]}]},{\"@type\":\"BreadcrumbList\",\"@id\":\"http:\\\/\\\/conferences-institute.eu\\\/seminaire-conformite\\\/conference-2017\\\/#breadcrumb\",\"itemListElement\":[{\"@type\":\"ListItem\",\"position\":1,\"name\":\"Accueil\",\"item\":\"http:\\\/\\\/conferences-institute.eu\\\/seminaire-conformite\\\/\"},{\"@type\":\"ListItem\",\"position\":2,\"name\":\"Conf\u00e9rence 2017\"}]},{\"@type\":\"WebSite\",\"@id\":\"http:\\\/\\\/conferences-institute.eu\\\/seminaire-conformite\\\/#website\",\"url\":\"http:\\\/\\\/conferences-institute.eu\\\/seminaire-conformite\\\/\",\"name\":\"CONFORMIT\u00c9 ET CONTR\u00d4LE INTERNE\",\"description\":\"\",\"potentialAction\":[{\"@type\":\"SearchAction\",\"target\":{\"@type\":\"EntryPoint\",\"urlTemplate\":\"http:\\\/\\\/conferences-institute.eu\\\/seminaire-conformite\\\/?s={search_term_string}\"},\"query-input\":{\"@type\":\"PropertyValueSpecification\",\"valueRequired\":true,\"valueName\":\"search_term_string\"}}],\"inLanguage\":\"fr-FR\"}]}<\/script>\n<!-- \/ Yoast SEO plugin. -->","yoast_head_json":{"title":"Conf\u00e9rence 2017 - CONFORMIT\u00c9 ET CONTR\u00d4LE INTERNE","robots":{"index":"index","follow":"follow","max-snippet":"max-snippet:-1","max-image-preview":"max-image-preview:large","max-video-preview":"max-video-preview:-1"},"canonical":"http:\/\/conferences-institute.eu\/seminaire-conformite\/conference-2017\/","og_locale":"fr_FR","og_type":"article","og_title":"Conf\u00e9rence 2017 - CONFORMIT\u00c9 ET CONTR\u00d4LE INTERNE","og_description":"Conformit\u00e9 et Contr\u00f4le&nbsp;Interne 2017 T\u00e9l\u00e9charger le programme complet PROGRAMME 08:30 accueil des participants 09:00 Contr\u00f4le interne, contr\u00f4le permanent, contr\u00f4le p\u00e9riodique, conformit\u00e9 &#8230; \u2014 Quelles sp\u00e9cificit\u00e9s ? \u2014 Quelles compl\u00e9mentarit\u00e9s ? \u2014 Quelle coordination ? Christiane LEGAT, Directrice de l\u2019inspection g\u00e9n\u00e9rale et de l\u2019audit \u2014 Cr\u00e9dit Immobilier de France 10:00 De la cartographie des risques au En savoir plus surConf\u00e9rence 2017[&hellip;]","og_url":"http:\/\/conferences-institute.eu\/seminaire-conformite\/conference-2017\/","og_site_name":"CONFORMIT\u00c9 ET CONTR\u00d4LE INTERNE","article_modified_time":"2017-11-28T18:29:34+00:00","twitter_card":"summary_large_image","twitter_misc":{"Dur\u00e9e de lecture estim\u00e9e":"2 minutes"},"schema":{"@context":"https:\/\/schema.org","@graph":[{"@type":"WebPage","@id":"http:\/\/conferences-institute.eu\/seminaire-conformite\/conference-2017\/","url":"http:\/\/conferences-institute.eu\/seminaire-conformite\/conference-2017\/","name":"Conf\u00e9rence 2017 - CONFORMIT\u00c9 ET CONTR\u00d4LE INTERNE","isPartOf":{"@id":"http:\/\/conferences-institute.eu\/seminaire-conformite\/#website"},"datePublished":"2017-11-28T18:26:48+00:00","dateModified":"2017-11-28T18:29:34+00:00","breadcrumb":{"@id":"http:\/\/conferences-institute.eu\/seminaire-conformite\/conference-2017\/#breadcrumb"},"inLanguage":"fr-FR","potentialAction":[{"@type":"ReadAction","target":["http:\/\/conferences-institute.eu\/seminaire-conformite\/conference-2017\/"]}]},{"@type":"BreadcrumbList","@id":"http:\/\/conferences-institute.eu\/seminaire-conformite\/conference-2017\/#breadcrumb","itemListElement":[{"@type":"ListItem","position":1,"name":"Accueil","item":"http:\/\/conferences-institute.eu\/seminaire-conformite\/"},{"@type":"ListItem","position":2,"name":"Conf\u00e9rence 2017"}]},{"@type":"WebSite","@id":"http:\/\/conferences-institute.eu\/seminaire-conformite\/#website","url":"http:\/\/conferences-institute.eu\/seminaire-conformite\/","name":"CONFORMIT\u00c9 ET CONTR\u00d4LE INTERNE","description":"","potentialAction":[{"@type":"SearchAction","target":{"@type":"EntryPoint","urlTemplate":"http:\/\/conferences-institute.eu\/seminaire-conformite\/?s={search_term_string}"},"query-input":{"@type":"PropertyValueSpecification","valueRequired":true,"valueName":"search_term_string"}}],"inLanguage":"fr-FR"}]}},"_links":{"self":[{"href":"http:\/\/conferences-institute.eu\/seminaire-conformite\/wp-json\/wp\/v2\/pages\/412","targetHints":{"allow":["GET"]}}],"collection":[{"href":"http:\/\/conferences-institute.eu\/seminaire-conformite\/wp-json\/wp\/v2\/pages"}],"about":[{"href":"http:\/\/conferences-institute.eu\/seminaire-conformite\/wp-json\/wp\/v2\/types\/page"}],"author":[{"embeddable":true,"href":"http:\/\/conferences-institute.eu\/seminaire-conformite\/wp-json\/wp\/v2\/users\/1"}],"replies":[{"embeddable":true,"href":"http:\/\/conferences-institute.eu\/seminaire-conformite\/wp-json\/wp\/v2\/comments?post=412"}],"version-history":[{"count":3,"href":"http:\/\/conferences-institute.eu\/seminaire-conformite\/wp-json\/wp\/v2\/pages\/412\/revisions"}],"predecessor-version":[{"id":416,"href":"http:\/\/conferences-institute.eu\/seminaire-conformite\/wp-json\/wp\/v2\/pages\/412\/revisions\/416"}],"wp:attachment":[{"href":"http:\/\/conferences-institute.eu\/seminaire-conformite\/wp-json\/wp\/v2\/media?parent=412"}],"curies":[{"name":"wp","href":"https:\/\/api.w.org\/{rel}","templated":true}]}}