{"id":328,"date":"2016-02-11T16:35:35","date_gmt":"2016-02-11T15:35:35","guid":{"rendered":"http:\/\/conferences-institute.eu\/seminaire-conformite\/?page_id=328"},"modified":"2016-02-16T14:32:50","modified_gmt":"2016-02-16T13:32:50","slug":"presentation-power-point","status":"publish","type":"page","link":"http:\/\/conferences-institute.eu\/seminaire-conformite\/presentation-power-point\/","title":{"rendered":"Pr\u00e9sentation Slideshare s\u00e9minaire de formation"},"content":{"rendered":"<p><iframe loading=\"lazy\" style=\"border: 1px solid #CCC; border-width: 1px; margin-bottom: 5px; max-width: 100%;\" src=\"\/\/www.slideshare.net\/slideshow\/embed_code\/key\/DSWbR8AAvFBu9A\" width=\"595\" height=\"485\" frameborder=\"0\" marginwidth=\"0\" marginheight=\"0\" scrolling=\"no\" allowfullscreen=\"allowfullscreen\"> <\/iframe><\/p>\n<div style=\"margin-bottom: 5px;\"><span style=\"color: #000000;\"><strong> <a style=\"color: #000000;\" title=\"Les nouvelles orientations de la lutte contre la fraude fiscale dans le cadre des la lutte anti-blanchiment\" href=\"\/\/www.slideshare.net\/Arrowinstitute\/les-nouvelles-orientations-de-la-lutte-contre-la-fraude-fiscale-dans-le-cadre-des-la-lutte-antiblanchiment\" target=\"_blank\">Les nouvelles orientations de la lutte contre la fraude fiscale dans le cadre des la lutte anti-blanchiment<\/a> <\/strong> from <strong><a style=\"color: #000000;\" href=\"\/\/www.slideshare.net\/Arrowinstitute\" target=\"_blank\">Arrowinstitute<\/a><\/strong><\/span><\/div>\n<div style=\"margin-bottom: 5px;\"><\/div>\n<p><iframe loading=\"lazy\" style=\"border: 1px solid #CCC; border-width: 1px; margin-bottom: 5px; max-width: 100%;\" src=\"\/\/www.slideshare.net\/slideshow\/embed_code\/key\/N2w7JESusfIBeZ\" width=\"595\" height=\"485\" frameborder=\"0\" marginwidth=\"0\" marginheight=\"0\" scrolling=\"no\" allowfullscreen=\"allowfullscreen\"> <\/iframe><\/p>\n<div style=\"margin-bottom: 5px;\"><span style=\"color: #000000;\"><strong> <a style=\"color: #000000;\" title=\"Evolution du contr\u00f4le interne bancaire en France\" href=\"\/\/www.slideshare.net\/Arrowinstitute\/evolution-du-contrle-interne-bancaire-en-france-58156156\" target=\"_blank\">Evolution du contr\u00f4le interne bancaire en France<\/a> <\/strong> from <strong><a style=\"color: #000000;\" href=\"\/\/www.slideshare.net\/Arrowinstitute\" target=\"_blank\">Arrowinstitute<\/a><\/strong><\/span><\/div>\n<div style=\"margin-bottom: 5px;\"><\/div>\n<p><iframe loading=\"lazy\" style=\"border: 1px solid #CCC; border-width: 1px; margin-bottom: 5px; max-width: 100%;\" src=\"\/\/www.slideshare.net\/slideshow\/embed_code\/key\/I3PMmMYezd36el\" width=\"595\" height=\"485\" frameborder=\"0\" marginwidth=\"0\" marginheight=\"0\" scrolling=\"no\" allowfullscreen=\"allowfullscreen\"> <\/iframe><\/p>\n<div style=\"margin-bottom: 5px;\"><span style=\"color: #000000;\"><strong> <a style=\"color: #000000;\" title=\"Positionnement de la fonction conformit\u00e9 dans les \u00e9tablissement financiers\" href=\"\/\/www.slideshare.net\/Arrowinstitute\/positionnement-de-la-fonction-conformit-dans-les-tablissement-financiers\" target=\"_blank\">Positionnement de la fonction conformit\u00e9 dans les \u00e9tablissement financiers<\/a> <\/strong> from <strong><a style=\"color: #000000;\" href=\"\/\/www.slideshare.net\/Arrowinstitute\" target=\"_blank\">Arrowinstitute<\/a><\/strong><\/span><\/div>\n<div style=\"margin-bottom: 5px;\"><\/div>\n<p><iframe loading=\"lazy\" style=\"border: 1px solid #CCC; border-width: 1px; margin-bottom: 5px; max-width: 100%;\" src=\"\/\/www.slideshare.net\/slideshow\/embed_code\/key\/NZpUdSQTI1pQHM\" width=\"595\" height=\"485\" frameborder=\"0\" marginwidth=\"0\" marginheight=\"0\" scrolling=\"no\" allowfullscreen=\"allowfullscreen\"> <\/iframe><\/p>\n<div style=\"margin-bottom: 5px;\"><span style=\"color: #000000;\"><strong> <a style=\"color: #000000;\" title=\"Financial Services Regulatory Reform Impact on EU Banks\" href=\"\/\/www.slideshare.net\/Arrowinstitute\/financial-services-regulatory-reform-impact-on-eu-banks\" target=\"_blank\">Financial Services Regulatory Reform Impact on EU Banks<\/a> <\/strong> from <strong><a style=\"color: #000000;\" href=\"\/\/www.slideshare.net\/Arrowinstitute\" target=\"_blank\">Arrowinstitute<\/a><\/strong><\/span><\/div>\n<div style=\"margin-bottom: 5px;\"><\/div>\n<p><iframe loading=\"lazy\" style=\"border: 1px solid #CCC; border-width: 1px; margin-bottom: 5px; max-width: 100%;\" src=\"\/\/www.slideshare.net\/slideshow\/embed_code\/key\/t0v6heiztPIEsf\" width=\"595\" height=\"485\" frameborder=\"0\" marginwidth=\"0\" marginheight=\"0\" scrolling=\"no\" allowfullscreen=\"allowfullscreen\"> <\/iframe><\/p>\n<div style=\"margin-bottom: 5px;\"><span style=\"color: #000000;\"><strong> <a style=\"color: #000000;\" title=\"Juqu'o\u00f9 la responsabilit\u00e9 du compliance officer peut-elle \u00eatre engag\u00e9e? \" href=\"\/\/www.slideshare.net\/Arrowinstitute\/juquo-la-responsabilit-du-compliance-officer-peutelle-tre-engage\" target=\"_blank\">Juqu&rsquo;o\u00f9 la responsabilit\u00e9 du compliance officer peut-elle \u00eatre engag\u00e9e? <\/a> <\/strong> from <strong><a style=\"color: #000000;\" href=\"\/\/www.slideshare.net\/Arrowinstitute\" target=\"_blank\">Arrowinstitute<\/a><\/strong><\/span><\/div>\n","protected":false},"excerpt":{"rendered":"<p>Les nouvelles orientations de la lutte contre la fraude fiscale dans le cadre des la lutte anti-blanchiment from Arrowinstitute Evolution du contr\u00f4le interne bancaire en France from Arrowinstitute Positionnement de la fonction conformit\u00e9 dans les \u00e9tablissement financiers from Arrowinstitute Financial Services Regulatory Reform Impact on EU Banks from Arrowinstitute Juqu&rsquo;o\u00f9 la responsabilit\u00e9 du compliance officer <a href=\"http:\/\/conferences-institute.eu\/seminaire-conformite\/presentation-power-point\/\" rel=\"nofollow\"><span class=\"sr-only\">En savoir plus surPr\u00e9sentation Slideshare s\u00e9minaire de formation<\/span>[&hellip;]<\/a><\/p>\n","protected":false},"author":1,"featured_media":0,"parent":0,"menu_order":0,"comment_status":"closed","ping_status":"closed","template":"","meta":{"_monsterinsights_skip_tracking":false,"_monsterinsights_sitenote_active":false,"_monsterinsights_sitenote_note":"","_monsterinsights_sitenote_category":0,"footnotes":""},"class_list":["post-328","page","type-page","status-publish"],"yoast_head":"<!-- This site is optimized with the Yoast SEO plugin v27.4 - https:\/\/yoast.com\/product\/yoast-seo-wordpress\/ -->\n<title>Pr\u00e9sentation Slideshare s\u00e9minaire de formation - CONFORMIT\u00c9 ET CONTR\u00d4LE INTERNE<\/title>\n<meta name=\"robots\" content=\"index, follow, max-snippet:-1, max-image-preview:large, max-video-preview:-1\" \/>\n<link rel=\"canonical\" href=\"http:\/\/conferences-institute.eu\/seminaire-conformite\/presentation-power-point\/\" \/>\n<meta property=\"og:locale\" content=\"fr_FR\" \/>\n<meta property=\"og:type\" content=\"article\" \/>\n<meta property=\"og:title\" content=\"Pr\u00e9sentation Slideshare s\u00e9minaire de formation - CONFORMIT\u00c9 ET CONTR\u00d4LE INTERNE\" \/>\n<meta property=\"og:description\" content=\"Les nouvelles orientations de la lutte contre la fraude fiscale dans le cadre des la lutte anti-blanchiment from Arrowinstitute Evolution du contr\u00f4le interne bancaire en France from Arrowinstitute Positionnement de la fonction conformit\u00e9 dans les \u00e9tablissement financiers from Arrowinstitute Financial Services Regulatory Reform Impact on EU Banks from Arrowinstitute Juqu&rsquo;o\u00f9 la responsabilit\u00e9 du compliance officer En savoir plus surPr\u00e9sentation Slideshare s\u00e9minaire de formation[&hellip;]\" \/>\n<meta property=\"og:url\" content=\"http:\/\/conferences-institute.eu\/seminaire-conformite\/presentation-power-point\/\" \/>\n<meta property=\"og:site_name\" content=\"CONFORMIT\u00c9 ET CONTR\u00d4LE INTERNE\" \/>\n<meta property=\"article:modified_time\" content=\"2016-02-16T13:32:50+00:00\" \/>\n<meta name=\"twitter:card\" content=\"summary_large_image\" \/>\n<script type=\"application\/ld+json\" class=\"yoast-schema-graph\">{\"@context\":\"https:\\\/\\\/schema.org\",\"@graph\":[{\"@type\":\"WebPage\",\"@id\":\"http:\\\/\\\/conferences-institute.eu\\\/seminaire-conformite\\\/presentation-power-point\\\/\",\"url\":\"http:\\\/\\\/conferences-institute.eu\\\/seminaire-conformite\\\/presentation-power-point\\\/\",\"name\":\"Pr\u00e9sentation Slideshare s\u00e9minaire de formation - CONFORMIT\u00c9 ET CONTR\u00d4LE INTERNE\",\"isPartOf\":{\"@id\":\"http:\\\/\\\/conferences-institute.eu\\\/seminaire-conformite\\\/#website\"},\"datePublished\":\"2016-02-11T15:35:35+00:00\",\"dateModified\":\"2016-02-16T13:32:50+00:00\",\"breadcrumb\":{\"@id\":\"http:\\\/\\\/conferences-institute.eu\\\/seminaire-conformite\\\/presentation-power-point\\\/#breadcrumb\"},\"inLanguage\":\"fr-FR\",\"potentialAction\":[{\"@type\":\"ReadAction\",\"target\":[\"http:\\\/\\\/conferences-institute.eu\\\/seminaire-conformite\\\/presentation-power-point\\\/\"]}]},{\"@type\":\"BreadcrumbList\",\"@id\":\"http:\\\/\\\/conferences-institute.eu\\\/seminaire-conformite\\\/presentation-power-point\\\/#breadcrumb\",\"itemListElement\":[{\"@type\":\"ListItem\",\"position\":1,\"name\":\"Accueil\",\"item\":\"http:\\\/\\\/conferences-institute.eu\\\/seminaire-conformite\\\/\"},{\"@type\":\"ListItem\",\"position\":2,\"name\":\"Pr\u00e9sentation Slideshare s\u00e9minaire de formation\"}]},{\"@type\":\"WebSite\",\"@id\":\"http:\\\/\\\/conferences-institute.eu\\\/seminaire-conformite\\\/#website\",\"url\":\"http:\\\/\\\/conferences-institute.eu\\\/seminaire-conformite\\\/\",\"name\":\"CONFORMIT\u00c9 ET CONTR\u00d4LE INTERNE\",\"description\":\"\",\"potentialAction\":[{\"@type\":\"SearchAction\",\"target\":{\"@type\":\"EntryPoint\",\"urlTemplate\":\"http:\\\/\\\/conferences-institute.eu\\\/seminaire-conformite\\\/?s={search_term_string}\"},\"query-input\":{\"@type\":\"PropertyValueSpecification\",\"valueRequired\":true,\"valueName\":\"search_term_string\"}}],\"inLanguage\":\"fr-FR\"}]}<\/script>\n<!-- \/ Yoast SEO plugin. -->","yoast_head_json":{"title":"Pr\u00e9sentation Slideshare s\u00e9minaire de formation - CONFORMIT\u00c9 ET CONTR\u00d4LE INTERNE","robots":{"index":"index","follow":"follow","max-snippet":"max-snippet:-1","max-image-preview":"max-image-preview:large","max-video-preview":"max-video-preview:-1"},"canonical":"http:\/\/conferences-institute.eu\/seminaire-conformite\/presentation-power-point\/","og_locale":"fr_FR","og_type":"article","og_title":"Pr\u00e9sentation Slideshare s\u00e9minaire de formation - CONFORMIT\u00c9 ET CONTR\u00d4LE INTERNE","og_description":"Les nouvelles orientations de la lutte contre la fraude fiscale dans le cadre des la lutte anti-blanchiment from Arrowinstitute Evolution du contr\u00f4le interne bancaire en France from Arrowinstitute Positionnement de la fonction conformit\u00e9 dans les \u00e9tablissement financiers from Arrowinstitute Financial Services Regulatory Reform Impact on EU Banks from Arrowinstitute Juqu&rsquo;o\u00f9 la responsabilit\u00e9 du compliance officer En savoir plus surPr\u00e9sentation Slideshare s\u00e9minaire de formation[&hellip;]","og_url":"http:\/\/conferences-institute.eu\/seminaire-conformite\/presentation-power-point\/","og_site_name":"CONFORMIT\u00c9 ET CONTR\u00d4LE INTERNE","article_modified_time":"2016-02-16T13:32:50+00:00","twitter_card":"summary_large_image","schema":{"@context":"https:\/\/schema.org","@graph":[{"@type":"WebPage","@id":"http:\/\/conferences-institute.eu\/seminaire-conformite\/presentation-power-point\/","url":"http:\/\/conferences-institute.eu\/seminaire-conformite\/presentation-power-point\/","name":"Pr\u00e9sentation Slideshare s\u00e9minaire de formation - CONFORMIT\u00c9 ET CONTR\u00d4LE INTERNE","isPartOf":{"@id":"http:\/\/conferences-institute.eu\/seminaire-conformite\/#website"},"datePublished":"2016-02-11T15:35:35+00:00","dateModified":"2016-02-16T13:32:50+00:00","breadcrumb":{"@id":"http:\/\/conferences-institute.eu\/seminaire-conformite\/presentation-power-point\/#breadcrumb"},"inLanguage":"fr-FR","potentialAction":[{"@type":"ReadAction","target":["http:\/\/conferences-institute.eu\/seminaire-conformite\/presentation-power-point\/"]}]},{"@type":"BreadcrumbList","@id":"http:\/\/conferences-institute.eu\/seminaire-conformite\/presentation-power-point\/#breadcrumb","itemListElement":[{"@type":"ListItem","position":1,"name":"Accueil","item":"http:\/\/conferences-institute.eu\/seminaire-conformite\/"},{"@type":"ListItem","position":2,"name":"Pr\u00e9sentation Slideshare s\u00e9minaire de formation"}]},{"@type":"WebSite","@id":"http:\/\/conferences-institute.eu\/seminaire-conformite\/#website","url":"http:\/\/conferences-institute.eu\/seminaire-conformite\/","name":"CONFORMIT\u00c9 ET CONTR\u00d4LE INTERNE","description":"","potentialAction":[{"@type":"SearchAction","target":{"@type":"EntryPoint","urlTemplate":"http:\/\/conferences-institute.eu\/seminaire-conformite\/?s={search_term_string}"},"query-input":{"@type":"PropertyValueSpecification","valueRequired":true,"valueName":"search_term_string"}}],"inLanguage":"fr-FR"}]}},"_links":{"self":[{"href":"http:\/\/conferences-institute.eu\/seminaire-conformite\/wp-json\/wp\/v2\/pages\/328","targetHints":{"allow":["GET"]}}],"collection":[{"href":"http:\/\/conferences-institute.eu\/seminaire-conformite\/wp-json\/wp\/v2\/pages"}],"about":[{"href":"http:\/\/conferences-institute.eu\/seminaire-conformite\/wp-json\/wp\/v2\/types\/page"}],"author":[{"embeddable":true,"href":"http:\/\/conferences-institute.eu\/seminaire-conformite\/wp-json\/wp\/v2\/users\/1"}],"replies":[{"embeddable":true,"href":"http:\/\/conferences-institute.eu\/seminaire-conformite\/wp-json\/wp\/v2\/comments?post=328"}],"version-history":[{"count":10,"href":"http:\/\/conferences-institute.eu\/seminaire-conformite\/wp-json\/wp\/v2\/pages\/328\/revisions"}],"predecessor-version":[{"id":339,"href":"http:\/\/conferences-institute.eu\/seminaire-conformite\/wp-json\/wp\/v2\/pages\/328\/revisions\/339"}],"wp:attachment":[{"href":"http:\/\/conferences-institute.eu\/seminaire-conformite\/wp-json\/wp\/v2\/media?parent=328"}],"curies":[{"name":"wp","href":"https:\/\/api.w.org\/{rel}","templated":true}]}}