{"id":201,"date":"2016-01-29T14:17:33","date_gmt":"2016-01-29T14:17:33","guid":{"rendered":"http:\/\/127.0.0.1:4001\/wordpress\/?page_id=201"},"modified":"2016-02-03T15:20:48","modified_gmt":"2016-02-03T14:20:48","slug":"conference-2013","status":"publish","type":"page","link":"http:\/\/conferences-institute.eu\/seminaire-conformite\/conference-2013\/","title":{"rendered":"Conf\u00e9rence 2013"},"content":{"rendered":"<h2><span style=\"color: #ff0000;\">Conformit\u00e9, Contr\u00f4le\u00a0Interne et R\u00e9gulation<\/span><\/h2>\n<p><a class=\"fasc-button fasc-size-medium fasc-type-glossy fasc-rounded-medium\" style=\"background-color: #c26b6b; color: #ffffff;\" href=\"http:\/\/conferences-institute.eu\/seminaire-conformite\/wp-content\/uploads\/sites\/2\/2016\/02\/Arrow-Institute_Conformit\u00e9-Controle-Interne-et-R\u00e9gulation_2013_Programme.pdf\" target=\"_blank\" data-fasc-style=\"background-color:#c26b6b;color:#ffffff;\">Retrouvez le PDF ICI<\/a><\/p>\n<h4><span style=\"color: #0000ff;\">Contrainte absolue ou source d\u2019opportunit\u00e9\u00a0pour les institutions financi\u00e8res ?<\/span><\/h4>\n<ul>\n<li><span style=\"color: #0000ff;\">Quels impacts de la r\u00e9gulation financi\u00e8re sur la place\u00a0europ\u00e9enne ?<\/span><\/li>\n<li><span style=\"color: #0000ff;\">Quelle mise en oeuvre du recensement des risques de\u00a0conformit\u00e9 potentiels ?<\/span><\/li>\n<li><span style=\"color: #0000ff;\">Comment ma\u00eetriser la non-conformit\u00e9 r\u00e9siduelle ?<\/span><\/li>\n<li><span style=\"color: #0000ff;\">Quelle \u00e9volution des outils de la conformit\u00e9 (\u00e9valuation,\u00a0reporting\u2026) ?<\/span><\/li>\n<li><span style=\"color: #0000ff;\">Comment accompagner au changement et former le\u00a0personnel ?<\/span><\/li>\n<li><span style=\"color: #0000ff;\">Conformit\u00e9 et Syst\u00e8me d\u2019Information<\/span><\/li>\n<li><span style=\"color: #0000ff;\">Convergence entre LAB et lutte anti-fraude<\/span><\/li>\n<li><span style=\"color: #0000ff;\">\u00abUK Bribery Act\u00bb, du texte \u00e0 son application<\/span><\/li>\n<\/ul>\n<h4><span style=\"color: #000000;\"><strong>Orateur<\/strong><\/span><\/h4>\n<p><span style=\"color: #000000;\"><strong>S\u00e9bastien de Brouwer<\/strong>,\u00a0F\u00e9d\u00e9ration Bancaire Europ\u00e9enne<\/span><br \/>\n<span style=\"color: #000000;\"> <strong>St\u00e9phanie Hubert<\/strong>,\u00a0AMAFI<\/span><br \/>\n<span style=\"color: #000000;\"> <strong>Laurent Caron<\/strong>,\u00a0Cabinet Caron<\/span><br \/>\n<span style=\"color: #000000;\"> <strong>Olivier Goffard<\/strong>,\u00a0Euroclear<\/span><br \/>\n<span style=\"color: #000000;\"> <strong>Chantal Cutajar<\/strong>,\u00a0Universit\u00e9 Robert Schuman\u00a0(Strasbourg III)\u00a0GRASCO<\/span><br \/>\n<span style=\"color: #000000;\"> <strong>Rodolphe Andrieu d\u2019Iray<\/strong>,\u00a0Cr\u00e9dit Agricole Private Banking<\/span><br \/>\n<span style=\"color: #000000;\"> <strong>Chandara Ok,<\/strong>\u00a0TF Bank<\/span><br \/>\n<span style=\"color: #000000;\"> <strong>Rony Gamiette<\/strong>,\u00a0Rogam Consulting<\/span><br \/>\n<span style=\"color: #000000;\"> <strong>Guillaume Berruyer<\/strong>,\u00a0JeantetAssoci\u00e9s AARPI<\/span><\/p>\n<p>&nbsp;<\/p>\n<h4><span style=\"color: #000000;\">Jeudi 28 mars 2013<\/span><\/h4>\n<p><strong><span style=\"color: #ff0000;\">08:30<\/span><\/strong> <span style=\"color: #000000;\">Accueil des participants<\/span><br \/>\n<strong><span style=\"color: #ff0000;\">09:00<\/span><\/strong> <span style=\"color: #000000;\">Impacts de la r\u00e9gulation financi\u00e8re sur la place europ\u00e9enne \u2013 Point de vue et travaux\u00a0de la F\u00e9d\u00e9ration Bancaire Europ\u00e9enne<\/span><\/p>\n<ul>\n<li><span style=\"color: #000000;\">Les grandes r\u00e9formes au niveau europ\u00e9en (Bale 3, rapport Liikanen sur la structure des banques,\u00a0l\u2019Union Bancaire, &#8230;)<\/span><\/li>\n<li><span style=\"color: #000000;\">La projet de 4\u00e8me directive en mati\u00e8re de lutte contre le blanchiment<\/span><\/li>\n<li><span style=\"color: #000000;\">Le projet de r\u00e8glement relatif \u00e0 la protection des donn\u00e9es \u00e0 caract\u00e8re personnel<\/span><\/li>\n<li><span style=\"color: #000000;\">Autres : FATCA, sanctions financi\u00e8res, \u2026<\/span><br \/>\n<span style=\"color: #000000;\"> S\u00e9bastien de Brouwer, Retail Financial services, Legal, Economic and Social Affairs \u2022 Executive\u00a0Director, F\u00e9d\u00e9ration Bancaire Europ\u00e9enne<\/span><\/li>\n<\/ul>\n<p><strong><span style=\"color: #ff0000;\">10:00<\/span><\/strong> <span style=\"color: #000000;\">Quel positionnement de la conformit\u00e9 dans les organisations des \u00e9tablissements financiers?<\/span><\/p>\n<p style=\"padding-left: 30px;\"><span style=\"color: #000000;\">St\u00e9phanie Hubert, Directeur de la Conformit\u00e9 \u2022 AMAFI &#8211; Association fran\u00e7aise des march\u00e9s\u00a0financiers<\/span><\/p>\n<p><strong><span style=\"color: #ff0000;\">11:00<\/span><\/strong> <span style=\"color: #000000;\">Pause-caf\u00e9<\/span><br \/>\n<strong><span style=\"color: #ff0000;\">11:30<\/span><\/strong> <span style=\"color: #000000;\">Les syst\u00e8mes d\u2019information : une brique essentielle des dispositifs de Conformit\u00e9<\/span><\/p>\n<ul>\n<li><span style=\"color: #000000;\">Les diff\u00e9rentes autorit\u00e9s de tutelle et\/ou de r\u00e9gulation poussent \u00e0 une augmentation du niveau de\u00a0conformit\u00e9 des syst\u00e8mes d\u2019information<\/span><\/li>\n<li><span style=\"color: #000000;\">Quel impact op\u00e9rationnel et juridique ?<\/span><\/li>\n<li><span style=\"color: #000000;\">Quels contr\u00f4les sur place ou sur pi\u00e8ce de la part des autorit\u00e9s \u2013 Comment s\u2019y pr\u00e9parer ?<\/span><br \/>\n<span style=\"color: #000000;\"> Laurent Caron, Avocat au barreau de Paris \u2022 Cabinet Caron<\/span><\/li>\n<\/ul>\n<p><strong><span style=\"color: #ff0000;\">12:30<\/span><\/strong> <span style=\"color: #000000;\">D\u00e9jeuner<\/span><br \/>\n<strong><span style=\"color: #ff0000;\">14:00<\/span><\/strong> <span style=\"color: #000000;\">Comment donner \u00e0 sa Direction le confort que les risques juridiques sont\u00a0ad\u00e9quatement g\u00e9r\u00e9s : une illustration<\/span><\/p>\n<ul>\n<li><span style=\"color: #000000;\">M\u00e9thodologie d\u2019analyse des risques juridiques inh\u00e9rents<\/span><\/li>\n<li><span style=\"color: #000000;\">Registre des risques juridiques<\/span><\/li>\n<li><span style=\"color: #000000;\">Cartographie(s) des risques juridiques<\/span><\/li>\n<li><span style=\"color: #000000;\">Application des principes d\u2019am\u00e9lioration continue<\/span><br \/>\n<span style=\"color: #000000;\"> Olivier Goffard, Head of Group Compliance \u2022 Euroclear<\/span><\/li>\n<\/ul>\n<p><strong><span style=\"color: #ff0000;\">15:00<\/span><\/strong> <span style=\"color: #000000;\">Contr\u00f4le P\u00e9riodique, Contr\u00f4le Permanent : Diff\u00e9rence et synergies<\/span><\/p>\n<p style=\"padding-left: 30px;\"><span style=\"color: #000000;\">Rony Gamiette, Consultant \u2013 ancien Directeur de la conformit\u00e9 et du contr\u00f4le interne \u2022\u00a0Rogam Consulting<\/span><\/p>\n<p><strong><span style=\"color: #ff0000;\">16:00<\/span><\/strong> <span style=\"color: #000000;\">Pause-caf\u00e9<\/span><br \/>\n<strong><span style=\"color: #ff0000;\">16:30<\/span><\/strong> <span style=\"color: #000000;\">Le \u00abUK Bribery Act\u00bb, du texte \u00e0 son application : un d\u00e9fi en six principes<\/span><\/p>\n<ul>\n<li><span style=\"color: #000000;\">Adoption de proc\u00e9dures proportionn\u00e9es aux risques et \u00e0 la nature de l\u2019entreprise<\/span><\/li>\n<li><span style=\"color: #000000;\">Implication personnelle du management dans la lutte anti-corruption<\/span><\/li>\n<li><span style=\"color: #000000;\">Analyse des risques de corruption<\/span><\/li>\n<li><span style=\"color: #000000;\">Programme de formation<\/span><\/li>\n<li><span style=\"color: #000000;\">Actualisation des proc\u00e9dures<\/span><\/li>\n<li><span style=\"color: #000000;\">Audit des proc\u00e9dures adopt\u00e9es<\/span><br \/>\n<span style=\"color: #000000;\"> Chantal Cutajar, Ma\u00eetre de Conf\u00e9rences \u00e0 la Facult\u00e9 de droit, des sciences politiques et\u00a0de gestion \u2022 Responsable du GRASCO (Groupe de Recherches Actions Sur la Criminalit\u00e9\u00a0Organis\u00e9e) &#8211; Professeur &#8211; Universit\u00e9 de Strasbourg<\/span><\/li>\n<\/ul>\n<p><strong><span style=\"color: #ff0000;\">17:30<\/span><\/strong> <span style=\"color: #000000;\">Fin du premier jour<\/span><\/p>\n<h4><span style=\"color: #000000;\">Vendredi 29 mars 2013<\/span><\/h4>\n<p><span style=\"color: #ff0000;\">08:30<\/span> <span style=\"color: #000000;\">Accueil des participants<\/span><br \/>\n<strong><span style=\"color: #ff0000;\">09:00<\/span><\/strong> <span style=\"color: #000000;\">De la cartographie des risques au reporting<\/span><\/p>\n<ul>\n<li><span style=\"color: #000000;\">Quels sont les outils \u00e0 mettre en place pour le pilotage des risques et de la conformit\u00e9 ?<\/span><\/li>\n<li><span style=\"color: #000000;\">Comment formaliser l\u2019existant : Une tache chronophage<\/span><\/li>\n<li><span style=\"color: #000000;\">Best practices des m\u00e9thodes et outils<\/span><br \/>\n<span style=\"color: #000000;\"> Rony Gamiette, Consultant \u2013 ancien Directeur de la conformit\u00e9 et du contr\u00f4le interne \u2022\u00a0Rogam Consulting<\/span><\/li>\n<\/ul>\n<p><strong><span style=\"color: #ff0000;\">10:00<\/span><\/strong> <span style=\"color: #000000;\">Focus sur les outils de conformit\u00e9 et de risques : Panorama du point de vue de l\u2019utilisateur<\/span><\/p>\n<ul>\n<li><span style=\"color: #000000;\">Les outils issus de la gestion des risques (risques op\u00e9rationnels)<\/span><\/li>\n<li><span style=\"color: #000000;\">Les outils issus de la lutte anti blanchiment \/ anti-fraude et du traitement des donn\u00e9es<\/span><\/li>\n<li><span style=\"color: #000000;\">Les outils ax\u00e9s sur le suivi des missions de contr\u00f4le (contr\u00f4les permanents et p\u00e9riodiques)<\/span><\/li>\n<li><span style=\"color: #000000;\">Evolutions des outils risques-conformit\u00e9<\/span><\/li>\n<li><span style=\"color: #000000;\">Comment r\u00e9ussir l\u2019impl\u00e9mentation d\u2019outils : points d\u2019attention et conditions du succ\u00e8s<\/span><br \/>\n<span style=\"color: #000000;\"> Chandara Ok, Responsable de la fili\u00e8re risques \u2022 TF Bank<\/span><\/li>\n<\/ul>\n<p><strong><span style=\"color: #ff0000;\">11:00<\/span><\/strong> <span style=\"color: #000000;\">Pause caf\u00e9<\/span><br \/>\n<strong><span style=\"color: #ff0000;\">11:30<\/span><\/strong> <span style=\"color: #000000;\">Mener la convergence entre la lutte anti blanchiment et la lutte anti-fraude<\/span><\/p>\n<ul>\n<li><span style=\"color: #000000;\">Les textes : deux natures de d\u00e9lit qui, avec la 3\u00e8me directive, se confondent<\/span><\/li>\n<li><span style=\"color: #000000;\">Une m\u00eame n\u00e9cessit\u00e9 de KYC et d\u2019actions pr\u00e9ventives<\/span><\/li>\n<li><span style=\"color: #000000;\">Une m\u00eame recherche d\u2019op\u00e9rations atypiques<\/span><\/li>\n<li><span style=\"color: #000000;\">Des outils communs et au minimum partag\u00e9s<\/span><\/li>\n<li><span style=\"color: #000000;\">Un organigramme simplifi\u00e9 de la LAB et la lutte anti-fraude : source d\u2019efficacit\u00e9s et\u00a0d\u2019\u00e9conomies \u00e0 terme<\/span><br \/>\n<span style=\"color: #000000;\"> Chandara Ok, Responsable de la fili\u00e8re risques \u2022 TF Bank<\/span><\/li>\n<\/ul>\n<p><strong><span style=\"color: #ff0000;\">12:45<\/span><\/strong> <span style=\"color: #000000;\">D\u00e9jeuner<\/span><br \/>\n<strong><span style=\"color: #ff0000;\">14:15<\/span><\/strong> <span style=\"color: #000000;\">Jusqu\u2019o\u00f9 la responsabilit\u00e9 du Compliance Officer peut-elle \u00eatre engag\u00e9e ?<\/span><\/p>\n<ul>\n<li><span style=\"color: #000000;\">\u00a0Les domaines de comp\u00e9tence et les risques encourus<\/span><\/li>\n<li><span style=\"color: #000000;\">\u00a0Exemples de sanctions encourues voire prononc\u00e9e<\/span><\/li>\n<\/ul>\n<p style=\"padding-left: 30px;\"><span style=\"color: #000000;\">Guillaume Berruyer, Avocat associ\u00e9\/Partner \u2022 JeantetAssoci\u00e9s AARPI<\/span><\/p>\n<p><strong><span style=\"color: #ff0000;\">15:30<\/span><\/strong> <span style=\"color: #000000;\">Fin du s\u00e9minaire<\/span><\/p>\n<p><a class=\"fasc-button fasc-size-medium fasc-type-glossy fasc-rounded-medium\" style=\"background-color: #c26b6b; color: #ffffff;\" href=\"http:\/\/conferences-institute.eu\/seminaire-conformite\/wp-content\/uploads\/sites\/2\/2016\/02\/Arrow-Institute_Conformit\u00e9-Controle-Interne-et-R\u00e9gulation_2013_Programme.pdf\" target=\"_blank\" data-fasc-style=\"background-color:#c26b6b;color:#ffffff;\">Retrouvez le PDF ICI<\/a><\/p>\n<h4><\/h4>\n","protected":false},"excerpt":{"rendered":"<p>Conformit\u00e9, Contr\u00f4le\u00a0Interne et R\u00e9gulation Retrouvez le PDF ICI Contrainte absolue ou source d\u2019opportunit\u00e9\u00a0pour les institutions financi\u00e8res ? Quels impacts de la r\u00e9gulation financi\u00e8re sur la place\u00a0europ\u00e9enne ? Quelle mise en oeuvre du recensement des risques de\u00a0conformit\u00e9 potentiels ? Comment ma\u00eetriser la non-conformit\u00e9 r\u00e9siduelle ? Quelle \u00e9volution des outils de la conformit\u00e9 (\u00e9valuation,\u00a0reporting\u2026) ? Comment accompagner <a href=\"http:\/\/conferences-institute.eu\/seminaire-conformite\/conference-2013\/\" rel=\"nofollow\"><span class=\"sr-only\">En savoir plus surConf\u00e9rence 2013<\/span>[&hellip;]<\/a><\/p>\n","protected":false},"author":1,"featured_media":0,"parent":0,"menu_order":0,"comment_status":"closed","ping_status":"closed","template":"","meta":{"_monsterinsights_skip_tracking":false,"_monsterinsights_sitenote_active":false,"_monsterinsights_sitenote_note":"","_monsterinsights_sitenote_category":0,"footnotes":""},"class_list":["post-201","page","type-page","status-publish"],"yoast_head":"<!-- This site is optimized with the Yoast SEO plugin v27.4 - https:\/\/yoast.com\/product\/yoast-seo-wordpress\/ -->\n<title>Conf\u00e9rence 2013 - CONFORMIT\u00c9 ET CONTR\u00d4LE INTERNE<\/title>\n<meta name=\"robots\" content=\"index, follow, max-snippet:-1, max-image-preview:large, max-video-preview:-1\" \/>\n<link rel=\"canonical\" href=\"http:\/\/conferences-institute.eu\/seminaire-conformite\/conference-2013\/\" \/>\n<meta property=\"og:locale\" content=\"fr_FR\" \/>\n<meta property=\"og:type\" content=\"article\" \/>\n<meta property=\"og:title\" content=\"Conf\u00e9rence 2013 - CONFORMIT\u00c9 ET CONTR\u00d4LE INTERNE\" \/>\n<meta property=\"og:description\" content=\"Conformit\u00e9, Contr\u00f4le\u00a0Interne et R\u00e9gulation Retrouvez le PDF ICI Contrainte absolue ou source d\u2019opportunit\u00e9\u00a0pour les institutions financi\u00e8res ? Quels impacts de la r\u00e9gulation financi\u00e8re sur la place\u00a0europ\u00e9enne ? Quelle mise en oeuvre du recensement des risques de\u00a0conformit\u00e9 potentiels ? Comment ma\u00eetriser la non-conformit\u00e9 r\u00e9siduelle ? Quelle \u00e9volution des outils de la conformit\u00e9 (\u00e9valuation,\u00a0reporting\u2026) ? Comment accompagner En savoir plus surConf\u00e9rence 2013[&hellip;]\" \/>\n<meta property=\"og:url\" content=\"http:\/\/conferences-institute.eu\/seminaire-conformite\/conference-2013\/\" \/>\n<meta property=\"og:site_name\" content=\"CONFORMIT\u00c9 ET CONTR\u00d4LE INTERNE\" \/>\n<meta property=\"article:modified_time\" content=\"2016-02-03T14:20:48+00:00\" \/>\n<meta name=\"twitter:card\" content=\"summary_large_image\" \/>\n<meta name=\"twitter:label1\" content=\"Dur\u00e9e de lecture estim\u00e9e\" \/>\n\t<meta name=\"twitter:data1\" content=\"4 minutes\" \/>\n<script type=\"application\/ld+json\" class=\"yoast-schema-graph\">{\"@context\":\"https:\\\/\\\/schema.org\",\"@graph\":[{\"@type\":\"WebPage\",\"@id\":\"http:\\\/\\\/conferences-institute.eu\\\/seminaire-conformite\\\/conference-2013\\\/\",\"url\":\"http:\\\/\\\/conferences-institute.eu\\\/seminaire-conformite\\\/conference-2013\\\/\",\"name\":\"Conf\u00e9rence 2013 - CONFORMIT\u00c9 ET CONTR\u00d4LE INTERNE\",\"isPartOf\":{\"@id\":\"http:\\\/\\\/conferences-institute.eu\\\/seminaire-conformite\\\/#website\"},\"datePublished\":\"2016-01-29T14:17:33+00:00\",\"dateModified\":\"2016-02-03T14:20:48+00:00\",\"breadcrumb\":{\"@id\":\"http:\\\/\\\/conferences-institute.eu\\\/seminaire-conformite\\\/conference-2013\\\/#breadcrumb\"},\"inLanguage\":\"fr-FR\",\"potentialAction\":[{\"@type\":\"ReadAction\",\"target\":[\"http:\\\/\\\/conferences-institute.eu\\\/seminaire-conformite\\\/conference-2013\\\/\"]}]},{\"@type\":\"BreadcrumbList\",\"@id\":\"http:\\\/\\\/conferences-institute.eu\\\/seminaire-conformite\\\/conference-2013\\\/#breadcrumb\",\"itemListElement\":[{\"@type\":\"ListItem\",\"position\":1,\"name\":\"Accueil\",\"item\":\"http:\\\/\\\/conferences-institute.eu\\\/seminaire-conformite\\\/\"},{\"@type\":\"ListItem\",\"position\":2,\"name\":\"Conf\u00e9rence 2013\"}]},{\"@type\":\"WebSite\",\"@id\":\"http:\\\/\\\/conferences-institute.eu\\\/seminaire-conformite\\\/#website\",\"url\":\"http:\\\/\\\/conferences-institute.eu\\\/seminaire-conformite\\\/\",\"name\":\"CONFORMIT\u00c9 ET CONTR\u00d4LE INTERNE\",\"description\":\"\",\"potentialAction\":[{\"@type\":\"SearchAction\",\"target\":{\"@type\":\"EntryPoint\",\"urlTemplate\":\"http:\\\/\\\/conferences-institute.eu\\\/seminaire-conformite\\\/?s={search_term_string}\"},\"query-input\":{\"@type\":\"PropertyValueSpecification\",\"valueRequired\":true,\"valueName\":\"search_term_string\"}}],\"inLanguage\":\"fr-FR\"}]}<\/script>\n<!-- \/ Yoast SEO plugin. -->","yoast_head_json":{"title":"Conf\u00e9rence 2013 - CONFORMIT\u00c9 ET CONTR\u00d4LE INTERNE","robots":{"index":"index","follow":"follow","max-snippet":"max-snippet:-1","max-image-preview":"max-image-preview:large","max-video-preview":"max-video-preview:-1"},"canonical":"http:\/\/conferences-institute.eu\/seminaire-conformite\/conference-2013\/","og_locale":"fr_FR","og_type":"article","og_title":"Conf\u00e9rence 2013 - CONFORMIT\u00c9 ET CONTR\u00d4LE INTERNE","og_description":"Conformit\u00e9, Contr\u00f4le\u00a0Interne et R\u00e9gulation Retrouvez le PDF ICI Contrainte absolue ou source d\u2019opportunit\u00e9\u00a0pour les institutions financi\u00e8res ? Quels impacts de la r\u00e9gulation financi\u00e8re sur la place\u00a0europ\u00e9enne ? Quelle mise en oeuvre du recensement des risques de\u00a0conformit\u00e9 potentiels ? Comment ma\u00eetriser la non-conformit\u00e9 r\u00e9siduelle ? Quelle \u00e9volution des outils de la conformit\u00e9 (\u00e9valuation,\u00a0reporting\u2026) ? Comment accompagner En savoir plus surConf\u00e9rence 2013[&hellip;]","og_url":"http:\/\/conferences-institute.eu\/seminaire-conformite\/conference-2013\/","og_site_name":"CONFORMIT\u00c9 ET CONTR\u00d4LE INTERNE","article_modified_time":"2016-02-03T14:20:48+00:00","twitter_card":"summary_large_image","twitter_misc":{"Dur\u00e9e de lecture estim\u00e9e":"4 minutes"},"schema":{"@context":"https:\/\/schema.org","@graph":[{"@type":"WebPage","@id":"http:\/\/conferences-institute.eu\/seminaire-conformite\/conference-2013\/","url":"http:\/\/conferences-institute.eu\/seminaire-conformite\/conference-2013\/","name":"Conf\u00e9rence 2013 - CONFORMIT\u00c9 ET CONTR\u00d4LE INTERNE","isPartOf":{"@id":"http:\/\/conferences-institute.eu\/seminaire-conformite\/#website"},"datePublished":"2016-01-29T14:17:33+00:00","dateModified":"2016-02-03T14:20:48+00:00","breadcrumb":{"@id":"http:\/\/conferences-institute.eu\/seminaire-conformite\/conference-2013\/#breadcrumb"},"inLanguage":"fr-FR","potentialAction":[{"@type":"ReadAction","target":["http:\/\/conferences-institute.eu\/seminaire-conformite\/conference-2013\/"]}]},{"@type":"BreadcrumbList","@id":"http:\/\/conferences-institute.eu\/seminaire-conformite\/conference-2013\/#breadcrumb","itemListElement":[{"@type":"ListItem","position":1,"name":"Accueil","item":"http:\/\/conferences-institute.eu\/seminaire-conformite\/"},{"@type":"ListItem","position":2,"name":"Conf\u00e9rence 2013"}]},{"@type":"WebSite","@id":"http:\/\/conferences-institute.eu\/seminaire-conformite\/#website","url":"http:\/\/conferences-institute.eu\/seminaire-conformite\/","name":"CONFORMIT\u00c9 ET CONTR\u00d4LE INTERNE","description":"","potentialAction":[{"@type":"SearchAction","target":{"@type":"EntryPoint","urlTemplate":"http:\/\/conferences-institute.eu\/seminaire-conformite\/?s={search_term_string}"},"query-input":{"@type":"PropertyValueSpecification","valueRequired":true,"valueName":"search_term_string"}}],"inLanguage":"fr-FR"}]}},"_links":{"self":[{"href":"http:\/\/conferences-institute.eu\/seminaire-conformite\/wp-json\/wp\/v2\/pages\/201","targetHints":{"allow":["GET"]}}],"collection":[{"href":"http:\/\/conferences-institute.eu\/seminaire-conformite\/wp-json\/wp\/v2\/pages"}],"about":[{"href":"http:\/\/conferences-institute.eu\/seminaire-conformite\/wp-json\/wp\/v2\/types\/page"}],"author":[{"embeddable":true,"href":"http:\/\/conferences-institute.eu\/seminaire-conformite\/wp-json\/wp\/v2\/users\/1"}],"replies":[{"embeddable":true,"href":"http:\/\/conferences-institute.eu\/seminaire-conformite\/wp-json\/wp\/v2\/comments?post=201"}],"version-history":[{"count":6,"href":"http:\/\/conferences-institute.eu\/seminaire-conformite\/wp-json\/wp\/v2\/pages\/201\/revisions"}],"predecessor-version":[{"id":310,"href":"http:\/\/conferences-institute.eu\/seminaire-conformite\/wp-json\/wp\/v2\/pages\/201\/revisions\/310"}],"wp:attachment":[{"href":"http:\/\/conferences-institute.eu\/seminaire-conformite\/wp-json\/wp\/v2\/media?parent=201"}],"curies":[{"name":"wp","href":"https:\/\/api.w.org\/{rel}","templated":true}]}}