{"id":2,"date":"2016-02-09T10:33:09","date_gmt":"2016-02-09T09:33:09","guid":{"rendered":"http:\/\/conferences-institute.eu\/lab-ft\/?page_id=2"},"modified":"2016-02-09T14:17:13","modified_gmt":"2016-02-09T13:17:13","slug":"conference-2013","status":"publish","type":"page","link":"http:\/\/conferences-institute.eu\/lab-ft\/conference-2013\/","title":{"rendered":"Conf\u00e9rence 2013"},"content":{"rendered":"<h2><span style=\"color: #ff0000;\">Lutte contre la criminalit\u00e9\u00a0financi\u00e8re et organis\u00e9e\u00a0dans les \u00e9tablissements\u00a0financiers<\/span><\/h2>\n<h4><a class=\"fasc-button fasc-size-medium fasc-type-glossy fasc-rounded-medium\" style=\"background-color: #c26b6b; color: #ffffff;\" href=\"http:\/\/conferences-institute.eu\/lab-ft\/wp-content\/uploads\/sites\/4\/2016\/02\/Arrow-Institute_Conf\u00e9rence-Lutte-contre-la-criminalit\u00e9-financi\u00e8re_mai-2013_Programme.pdf\" target=\"_blank\" data-fasc-style=\"background-color:#c26b6b;color:#ffffff;\">Retrouvez le PDF ICI<\/a><\/h4>\n<h4><span style=\"color: #0000ff;\"><strong>Comment relever les nouveaux d\u00e9fis ?<\/strong><\/span><\/h4>\n<ul>\n<li><span style=\"color: #0000ff;\">Derni\u00e8res \u00e9volutions r\u00e9glementaires<\/span><\/li>\n<li><span style=\"color: #0000ff;\">G\u00e9opolitique de la criminalit\u00e9 financi\u00e8re &#8211; Risques\u00a0\u00e9mergents<\/span><\/li>\n<li><span style=\"color: #0000ff;\">Point de vue et recommandations des autorit\u00e9s de\u00a0r\u00e9gulation<\/span><\/li>\n<li><span style=\"color: #0000ff;\">Renseignement \u00e9conomique et financier au service de la\u00a0lutte contre la fraude<\/span><\/li>\n<li><span style=\"color: #0000ff;\">Lutte contre la corruption : des textes \u00e0 la mise en oeuvre<\/span><\/li>\n<li><span style=\"color: #0000ff;\">Probl\u00e9matiques li\u00e9es aux proc\u00e9dures de KYC<\/span><\/li>\n<li><span style=\"color: #0000ff;\">Risques face aux menaces de sanction de l\u2019OFAC<\/span><\/li>\n<li><span style=\"color: #0000ff;\">Aspect disciplinaire et p\u00e9nal : l\u2019exemple de la fraude\u00a0fiscale<\/span><\/li>\n<li><span style=\"color: #0000ff;\">Cybercriminalit\u00e9<\/span><\/li>\n<\/ul>\n<p><span style=\"color: #000000;\"><strong>Orateur:<\/strong><\/span><\/p>\n<p><span style=\"color: #000000;\"><strong>Florent Bonnard,\u00a0<\/strong>ACP (Autorit\u00e9 de Contr\u00f4le Prudentiel)<\/span><br \/>\n<span style=\"color: #000000;\"> <strong>Bruno Nicoulaud,\u00a0<\/strong>D\u00e9l\u00e9gation Nationale \u00e0 la Lutte\u00a0contre la Fraude<\/span><br \/>\n<span style=\"color: #000000;\"> <strong>Luigi La Marca,\u00a0<\/strong>European Investment Bank<\/span><br \/>\n<span style=\"color: #000000;\"> <strong>Andr\u00e9 Jacquemet,\u00a0<\/strong>Grasco\u00a0Universit\u00e9 de Strasbourg<\/span><br \/>\n<span style=\"color: #000000;\"> <strong>Didier Duval,\u00a0<\/strong>Groupe Cr\u00e9dit Agricole<\/span><br \/>\n<span style=\"color: #000000;\"> <strong>Rony Gamiette,\u00a0<\/strong>Rogam Consulting<\/span><br \/>\n<span style=\"color: #000000;\"> <strong>V\u00e9ronique Haccoun,\u00a0<\/strong>Ernst &amp; Young et associ\u00e9s<\/span><br \/>\n<span style=\"color: #000000;\"> <strong>Thierry Villi\u00e9,\u00a0<\/strong>Soci\u00e9t\u00e9 G\u00e9n\u00e9rale<\/span><br \/>\n<span style=\"color: #000000;\"> <strong>Christophe Jacomin,\u00a0<\/strong>Lefevre Pelletier &amp; Associ\u00e9s<\/span><br \/>\n<span style=\"color: #000000;\"> <strong>Guillaume B\u00e8gue,\u00a0<\/strong>Association Luxembourgeoise\u00a0des Compliance Officers<\/span><br \/>\n<span style=\"color: #000000;\"> <strong>Myriam Qu\u00e9m\u00e9ner,\u00a0<\/strong>Magistrate &#8211; Sp\u00e9cialiste de la lutte\u00a0contre la cybercriminalit\u00e9 pour le\u00a0Conseil de l\u2019Europe<\/span><\/p>\n<p><span style=\"color: #000000;\">Jeudi 23 mai 2013<\/span><br \/>\n<span style=\"color: #000000;\"> 08:30 Accueil des participants<\/span><br \/>\n<span style=\"color: #000000;\"> 09:00 Les attentes du superviseur en mati\u00e8re de lutte contre le blanchiment et le financement\u00a0du terrorisme<\/span><\/p>\n<ul>\n<li><span style=\"color: #000000;\">Point sur l\u2019actualit\u00e9 (4e directive, nouveaux questionnaires LCB-FT, travaux de la commission\u00a0consultative LCB-FT)<\/span><\/li>\n<li><span style=\"color: #000000;\">Bilan du contr\u00f4le<\/span><\/li>\n<li><span style=\"color: #000000;\">Pr\u00e9sentation des derni\u00e8res d\u00e9cisions de sanctions<\/span><br \/>\n<span style=\"color: #000000;\"> Florent Bonnard, Direction des affaires juridiques &#8211; Service du droit de la lutte anti-blanchiment et du contr\u00f4le\u00a0interne \u2022 Autorit\u00e9 de Contr\u00f4le Prudentiel<\/span><\/li>\n<\/ul>\n<p><span style=\"color: #000000;\">10:00 Quels risques pour les groupes financiers europ\u00e9ens face aux menaces de sanction de l\u2019OFAC\u00a0(Office of Foreign Assets Control)?\u00a0Quelles attitude\/r\u00e9ponse y apporter ?<\/span><\/p>\n<p style=\"padding-left: 30px;\"><span style=\"color: #000000;\">V\u00e9ronique Haccoun, Executive Director &#8211; Fraud Investigations &amp; Dispute Services \u2022 Ernst &amp; Young\u00a0et Associ\u00e9s<\/span><\/p>\n<p><span style=\"color: #000000;\">11:00 Pause-caf\u00e9<\/span><br \/>\n<span style=\"color: #000000;\"> 11:30 Les derniers d\u00e9veloppements relatifs \u00e0 la connaissance du client<\/span><\/p>\n<ul>\n<li><span style=\"color: #000000;\">Les dernieres evolutions sur le KYC : lignes directrices et beneficiaires effectifs<\/span><\/li>\n<li><span style=\"color: #000000;\">Le role de la surveillance permanente dans le KYC<\/span><\/li>\n<li><span style=\"color: #000000;\">L\u2019elargissement du KYC a FATCA et a la responsabilite sociale et environnementale<\/span><br \/>\n<span style=\"color: #000000;\"> Thierry Villi\u00e9, Responsable KYC \u2022 Soci\u00e9t\u00e9 G\u00e9n\u00e9rale<\/span><\/li>\n<\/ul>\n<p><span style=\"color: #000000;\">12:30 D\u00e9jeuner<\/span><br \/>\n<span style=\"color: #000000;\"> 14:00 La coop\u00e9ration internationale dans la lutte \u00e0 la corruption: le cas des banques multilat\u00e9rales\u00a0de d\u00e9veloppement<\/span><\/p>\n<ul>\n<li><span style=\"color: #000000;\">Le cadre juridique sp\u00e9cifique de la lutte \u00e0 la fraude et la corruption<\/span><\/li>\n<li><span style=\"color: #000000;\">\u00a0La prise en compte des r\u00e8gles internationales<\/span><\/li>\n<li><span style=\"color: #000000;\">Les mesures de pr\u00e9vention<\/span><\/li>\n<li><span style=\"color: #000000;\">Les mesures d\u2019harmonisation et coop\u00e9ration<\/span><\/li>\n<li><span style=\"color: #000000;\">Les r\u00e8gles en mati\u00e8re d\u2019exclusion (debarment) et la reconnaissance mutuelles des d\u00e9cisions<\/span><\/li>\n<li><span style=\"color: #000000;\">L\u2019impact sur les l\u00e9gislations nationales<\/span><br \/>\n<span style=\"color: #000000;\"> Luigi La Marca, Policy Adviser &#8211; Inspectorate General \u2022 European Investment Bank<\/span><\/li>\n<\/ul>\n<p><span style=\"color: #000000;\">15:00 Quel d\u00e9ploiement et pilotage du projet pr\u00e9vention du risque de corruption (m\u00e9thode, outils,\u00a0organisation) au sein d\u2019un \u00e9tablissement financier ?<\/span><br \/>\n<span style=\"color: #000000;\"> Didier Duval, Responsable s\u00e9curit\u00e9 financi\u00e8re et pr\u00e9vention de la fraude \u2022 Groupe Cr\u00e9dit Agricole<\/span><br \/>\n<span style=\"color: #000000;\"> 16:00 Pause-caf\u00e9<\/span><br \/>\n<span style=\"color: #000000;\"> 16:30 Zoom sur quelques techniques de fraudes et moyen de s\u2019en pr\u00e9server<\/span><\/p>\n<ul>\n<li><span style=\"color: #000000;\">Quels dispositifs mettre en place ?<\/span><\/li>\n<li><span style=\"color: #000000;\">Quelles sont les points de vigilances ?<\/span><br \/>\n<span style=\"color: #000000;\"> Rony Gamiette, Consultant ancien Directeur de la conformit\u00e9 et du contr\u00f4le interne \u2022 Rogam Consulting<\/span><\/li>\n<\/ul>\n<p><span style=\"color: #000000;\">17:30 Fin du premier jour<\/span><br \/>\n<span style=\"color: #000000;\"> Vendredi 24 mai 2013<\/span><br \/>\n<span style=\"color: #000000;\"> 08:30 Accueil des participants<\/span><br \/>\n<span style=\"color: #000000;\"> 09:00 G\u00e9opolitique de la criminalit\u00e9 financi\u00e8re &#8211; Risques \u00e9mergents vs contraintes r\u00e9glementaires<\/span><\/p>\n<ul>\n<li><span style=\"color: #000000;\">\u00a0Tendances, nouveaux secteurs criminog\u00e8nes, risques pays<\/span><\/li>\n<li><span style=\"color: #000000;\">Quid des rapports internationaux (GAFI, FIU,&#8230;) ?<\/span><\/li>\n<li><span style=\"color: #000000;\">L\u2019apport des dispositions de la 4\u00e8me directive UE<\/span><br \/>\n<span style=\"color: #000000;\"> Guillaume B\u00e8gue, Administrateur de l\u2019ALCO (Association Luxembourgeoise des Compliance\u00a0Officers) Membre du Centre de Recherche Sorbonne Finance (Paris &#8211; 1 Panth\u00e9on-Sorbonne)<\/span><\/li>\n<\/ul>\n<p><span style=\"color: #000000;\">10:00 Le renseignement \u00e9conomique et financier au service de la lutte contre la fraude<\/span><\/p>\n<ul>\n<li><span style=\"color: #000000;\">D\u00e9finition et port\u00e9e du renseignement \u00e9conomique et financier<\/span><\/li>\n<li><span style=\"color: #000000;\">Le r\u00f4le de la cellule Tracfin dans la lutte contre la fraude<\/span><\/li>\n<li><span style=\"color: #000000;\">D\u00e9claration de soup\u00e7on et typologies de fraudes<\/span><br \/>\n<span style=\"color: #000000;\"> Bruno Nicoulaud, Charg\u00e9 de mission \u2022 D\u00e9l\u00e9gation Nationale \u00e0 la Lutte contre la Fraude (DNLF) \u2022\u00a0Affaires institutionnelles, PNLF, Veille strat\u00e9gique<\/span><\/li>\n<\/ul>\n<p><span style=\"color: #000000;\">11:00 Pause-caf\u00e9<\/span><br \/>\n<span style=\"color: #000000;\"> 11:30 Cybercriminalit\u00e9 et criminalit\u00e9 financi\u00e8re<\/span><br \/>\n<span style=\"color: #000000;\"> Myriam Qu\u00e9m\u00e9ner, Magistrate, Procureur adjoint au tribunal de Cr\u00e9teil \u2022 Sp\u00e9cialiste dans le domaine\u00a0du droit de l\u2019Internet et de la lutte contre la cybercriminalit\u00e9 pour le Conseil de l\u2019Europe<\/span><br \/>\n<span style=\"color: #000000;\"> 12:30 D\u00e9jeuner<\/span><br \/>\n<span style=\"color: #000000;\"> 14:00 Aspect disciplinaire et p\u00e9nal : l\u2019exemple de la fraude fiscale Le contr\u00f4le interne dans\u00a0ce domaine<\/span><br \/>\n<span style=\"color: #000000;\"> Christophe Jacomin, Avocat \u00e0 la Cour \u2022 Lefevre Pelletier &amp; Associ\u00e9s<\/span><br \/>\n<span style=\"color: #000000;\"> 15:00 La prise en compte de la lutte contre la corruption : prot\u00e9ger l\u2019entreprise et ses dirigeants\u00a0(pouvoir prouver sa bonne foi)<\/span><\/p>\n<ul>\n<li><span style=\"color: #000000;\">Corruption et d\u00e9lits connexes<\/span><\/li>\n<li><span style=\"color: #000000;\">Mille-feuille l\u00e9gal et r\u00e9glementaire<\/span><\/li>\n<li><span style=\"color: #000000;\">Qui d\u00e9tient l\u2019information d\u00e9tient le risque (p\u00e9nal)<\/span><\/li>\n<li><span style=\"color: #000000;\">Corruption et blanchiment des capitaux : un lien \u00e9troit<\/span><\/li>\n<li><span style=\"color: #000000;\">Les d\u00e9fis d\u2019une direction juridique<\/span><br \/>\n<span style=\"color: #000000;\"> Andr\u00e9 Jacquemet, Membre du Grasco (Groupe de Recherches Actions Sur la Criminalit\u00e9 Organis\u00e9e)\u00a0&#8211; Enseignant \u2022 Universit\u00e9 de Strasbourg \u2022 Associ\u00e9 du cabinet BPA<\/span><\/li>\n<\/ul>\n<p><span style=\"color: #000000;\">16:00 fin du s\u00e9minaire<\/span><\/p>\n<h4><a class=\"fasc-button fasc-size-medium fasc-type-glossy fasc-rounded-medium\" style=\"background-color: #c26b6b; color: #ffffff;\" href=\"http:\/\/conferences-institute.eu\/lab-ft\/wp-content\/uploads\/sites\/4\/2016\/02\/Arrow-Institute_Conf\u00e9rence-Lutte-contre-la-criminalit\u00e9-financi\u00e8re_mai-2013_Programme.pdf\" target=\"_blank\" data-fasc-style=\"background-color:#c26b6b;color:#ffffff;\">Retrouvez le PDF ICI<\/a><\/h4>\n","protected":false},"excerpt":{"rendered":"<p>Lutte contre la criminalit\u00e9\u00a0financi\u00e8re et organis\u00e9e\u00a0dans les \u00e9tablissements\u00a0financiers Retrouvez le PDF ICI Comment relever les nouveaux d\u00e9fis ? Derni\u00e8res \u00e9volutions r\u00e9glementaires G\u00e9opolitique de la criminalit\u00e9 financi\u00e8re &#8211; Risques\u00a0\u00e9mergents Point de vue et recommandations des autorit\u00e9s de\u00a0r\u00e9gulation Renseignement \u00e9conomique et financier au service de la\u00a0lutte contre la fraude Lutte contre la corruption : des textes \u00e0 <a href=\"http:\/\/conferences-institute.eu\/lab-ft\/conference-2013\/\" rel=\"nofollow\"><span class=\"sr-only\">En savoir plus surConf\u00e9rence 2013<\/span>[&hellip;]<\/a><\/p>\n","protected":false},"author":1,"featured_media":0,"parent":0,"menu_order":0,"comment_status":"closed","ping_status":"open","template":"","meta":{"_monsterinsights_skip_tracking":false,"_monsterinsights_sitenote_active":false,"_monsterinsights_sitenote_note":"","_monsterinsights_sitenote_category":0,"footnotes":""},"class_list":["post-2","page","type-page","status-publish"],"yoast_head":"<!-- This site is optimized with the Yoast SEO plugin v27.4 - https:\/\/yoast.com\/product\/yoast-seo-wordpress\/ -->\n<title>Conf\u00e9rence 2013 - LUTTE CONTRE LA CRIMINALIT\u00c9 FINANCI\u00c8RE<\/title>\n<meta name=\"robots\" content=\"index, follow, max-snippet:-1, max-image-preview:large, max-video-preview:-1\" \/>\n<link rel=\"canonical\" href=\"http:\/\/conferences-institute.eu\/lab-ft\/conference-2013\/\" \/>\n<meta property=\"og:locale\" content=\"fr_FR\" \/>\n<meta property=\"og:type\" content=\"article\" \/>\n<meta property=\"og:title\" content=\"Conf\u00e9rence 2013 - LUTTE CONTRE LA CRIMINALIT\u00c9 FINANCI\u00c8RE\" \/>\n<meta property=\"og:description\" content=\"Lutte contre la criminalit\u00e9\u00a0financi\u00e8re et organis\u00e9e\u00a0dans les \u00e9tablissements\u00a0financiers Retrouvez le PDF ICI Comment relever les nouveaux d\u00e9fis ? Derni\u00e8res \u00e9volutions r\u00e9glementaires G\u00e9opolitique de la criminalit\u00e9 financi\u00e8re &#8211; Risques\u00a0\u00e9mergents Point de vue et recommandations des autorit\u00e9s de\u00a0r\u00e9gulation Renseignement \u00e9conomique et financier au service de la\u00a0lutte contre la fraude Lutte contre la corruption : des textes \u00e0 En savoir plus surConf\u00e9rence 2013[&hellip;]\" \/>\n<meta property=\"og:url\" content=\"http:\/\/conferences-institute.eu\/lab-ft\/conference-2013\/\" \/>\n<meta property=\"og:site_name\" content=\"LUTTE CONTRE LA CRIMINALIT\u00c9 FINANCI\u00c8RE\" \/>\n<meta property=\"article:modified_time\" content=\"2016-02-09T13:17:13+00:00\" \/>\n<meta name=\"twitter:card\" content=\"summary_large_image\" \/>\n<meta name=\"twitter:label1\" content=\"Dur\u00e9e de lecture estim\u00e9e\" \/>\n\t<meta name=\"twitter:data1\" content=\"4 minutes\" \/>\n<script type=\"application\/ld+json\" class=\"yoast-schema-graph\">{\"@context\":\"https:\\\/\\\/schema.org\",\"@graph\":[{\"@type\":\"WebPage\",\"@id\":\"http:\\\/\\\/conferences-institute.eu\\\/lab-ft\\\/conference-2013\\\/\",\"url\":\"http:\\\/\\\/conferences-institute.eu\\\/lab-ft\\\/conference-2013\\\/\",\"name\":\"Conf\u00e9rence 2013 - LUTTE CONTRE LA CRIMINALIT\u00c9 FINANCI\u00c8RE\",\"isPartOf\":{\"@id\":\"http:\\\/\\\/conferences-institute.eu\\\/lab-ft\\\/#website\"},\"datePublished\":\"2016-02-09T09:33:09+00:00\",\"dateModified\":\"2016-02-09T13:17:13+00:00\",\"breadcrumb\":{\"@id\":\"http:\\\/\\\/conferences-institute.eu\\\/lab-ft\\\/conference-2013\\\/#breadcrumb\"},\"inLanguage\":\"fr-FR\",\"potentialAction\":[{\"@type\":\"ReadAction\",\"target\":[\"http:\\\/\\\/conferences-institute.eu\\\/lab-ft\\\/conference-2013\\\/\"]}]},{\"@type\":\"BreadcrumbList\",\"@id\":\"http:\\\/\\\/conferences-institute.eu\\\/lab-ft\\\/conference-2013\\\/#breadcrumb\",\"itemListElement\":[{\"@type\":\"ListItem\",\"position\":1,\"name\":\"Accueil\",\"item\":\"http:\\\/\\\/conferences-institute.eu\\\/lab-ft\\\/\"},{\"@type\":\"ListItem\",\"position\":2,\"name\":\"Conf\u00e9rence 2013\"}]},{\"@type\":\"WebSite\",\"@id\":\"http:\\\/\\\/conferences-institute.eu\\\/lab-ft\\\/#website\",\"url\":\"http:\\\/\\\/conferences-institute.eu\\\/lab-ft\\\/\",\"name\":\"LUTTE CONTRE LA CRIMINALIT\u00c9 FINANCI\u00c8RE\",\"description\":\"\",\"potentialAction\":[{\"@type\":\"SearchAction\",\"target\":{\"@type\":\"EntryPoint\",\"urlTemplate\":\"http:\\\/\\\/conferences-institute.eu\\\/lab-ft\\\/?s={search_term_string}\"},\"query-input\":{\"@type\":\"PropertyValueSpecification\",\"valueRequired\":true,\"valueName\":\"search_term_string\"}}],\"inLanguage\":\"fr-FR\"}]}<\/script>\n<!-- \/ Yoast SEO plugin. -->","yoast_head_json":{"title":"Conf\u00e9rence 2013 - LUTTE CONTRE LA CRIMINALIT\u00c9 FINANCI\u00c8RE","robots":{"index":"index","follow":"follow","max-snippet":"max-snippet:-1","max-image-preview":"max-image-preview:large","max-video-preview":"max-video-preview:-1"},"canonical":"http:\/\/conferences-institute.eu\/lab-ft\/conference-2013\/","og_locale":"fr_FR","og_type":"article","og_title":"Conf\u00e9rence 2013 - LUTTE CONTRE LA CRIMINALIT\u00c9 FINANCI\u00c8RE","og_description":"Lutte contre la criminalit\u00e9\u00a0financi\u00e8re et organis\u00e9e\u00a0dans les \u00e9tablissements\u00a0financiers Retrouvez le PDF ICI Comment relever les nouveaux d\u00e9fis ? Derni\u00e8res \u00e9volutions r\u00e9glementaires G\u00e9opolitique de la criminalit\u00e9 financi\u00e8re &#8211; Risques\u00a0\u00e9mergents Point de vue et recommandations des autorit\u00e9s de\u00a0r\u00e9gulation Renseignement \u00e9conomique et financier au service de la\u00a0lutte contre la fraude Lutte contre la corruption : des textes \u00e0 En savoir plus surConf\u00e9rence 2013[&hellip;]","og_url":"http:\/\/conferences-institute.eu\/lab-ft\/conference-2013\/","og_site_name":"LUTTE CONTRE LA CRIMINALIT\u00c9 FINANCI\u00c8RE","article_modified_time":"2016-02-09T13:17:13+00:00","twitter_card":"summary_large_image","twitter_misc":{"Dur\u00e9e de lecture estim\u00e9e":"4 minutes"},"schema":{"@context":"https:\/\/schema.org","@graph":[{"@type":"WebPage","@id":"http:\/\/conferences-institute.eu\/lab-ft\/conference-2013\/","url":"http:\/\/conferences-institute.eu\/lab-ft\/conference-2013\/","name":"Conf\u00e9rence 2013 - LUTTE CONTRE LA CRIMINALIT\u00c9 FINANCI\u00c8RE","isPartOf":{"@id":"http:\/\/conferences-institute.eu\/lab-ft\/#website"},"datePublished":"2016-02-09T09:33:09+00:00","dateModified":"2016-02-09T13:17:13+00:00","breadcrumb":{"@id":"http:\/\/conferences-institute.eu\/lab-ft\/conference-2013\/#breadcrumb"},"inLanguage":"fr-FR","potentialAction":[{"@type":"ReadAction","target":["http:\/\/conferences-institute.eu\/lab-ft\/conference-2013\/"]}]},{"@type":"BreadcrumbList","@id":"http:\/\/conferences-institute.eu\/lab-ft\/conference-2013\/#breadcrumb","itemListElement":[{"@type":"ListItem","position":1,"name":"Accueil","item":"http:\/\/conferences-institute.eu\/lab-ft\/"},{"@type":"ListItem","position":2,"name":"Conf\u00e9rence 2013"}]},{"@type":"WebSite","@id":"http:\/\/conferences-institute.eu\/lab-ft\/#website","url":"http:\/\/conferences-institute.eu\/lab-ft\/","name":"LUTTE CONTRE LA CRIMINALIT\u00c9 FINANCI\u00c8RE","description":"","potentialAction":[{"@type":"SearchAction","target":{"@type":"EntryPoint","urlTemplate":"http:\/\/conferences-institute.eu\/lab-ft\/?s={search_term_string}"},"query-input":{"@type":"PropertyValueSpecification","valueRequired":true,"valueName":"search_term_string"}}],"inLanguage":"fr-FR"}]}},"_links":{"self":[{"href":"http:\/\/conferences-institute.eu\/lab-ft\/wp-json\/wp\/v2\/pages\/2","targetHints":{"allow":["GET"]}}],"collection":[{"href":"http:\/\/conferences-institute.eu\/lab-ft\/wp-json\/wp\/v2\/pages"}],"about":[{"href":"http:\/\/conferences-institute.eu\/lab-ft\/wp-json\/wp\/v2\/types\/page"}],"author":[{"embeddable":true,"href":"http:\/\/conferences-institute.eu\/lab-ft\/wp-json\/wp\/v2\/users\/1"}],"replies":[{"embeddable":true,"href":"http:\/\/conferences-institute.eu\/lab-ft\/wp-json\/wp\/v2\/comments?post=2"}],"version-history":[{"count":4,"href":"http:\/\/conferences-institute.eu\/lab-ft\/wp-json\/wp\/v2\/pages\/2\/revisions"}],"predecessor-version":[{"id":31,"href":"http:\/\/conferences-institute.eu\/lab-ft\/wp-json\/wp\/v2\/pages\/2\/revisions\/31"}],"wp:attachment":[{"href":"http:\/\/conferences-institute.eu\/lab-ft\/wp-json\/wp\/v2\/media?parent=2"}],"curies":[{"name":"wp","href":"https:\/\/api.w.org\/{rel}","templated":true}]}}