{"id":2,"date":"2016-02-04T15:05:51","date_gmt":"2016-02-04T14:05:51","guid":{"rendered":"http:\/\/conferences-institute.eu\/banque-privee\/?page_id=2"},"modified":"2016-02-09T11:34:27","modified_gmt":"2016-02-09T10:34:27","slug":"annees-precedentes","status":"publish","type":"page","link":"http:\/\/conferences-institute.eu\/banque-privee\/annees-precedentes\/","title":{"rendered":"Ann\u00e9es pr\u00e9c\u00e9dentes"},"content":{"rendered":"<p>Le secteur de la banque priv\u00e9e a entam\u00e9, depuis quelques ann\u00e9es, un grand chantier de mutation.<\/p>\n<p>Les banques priv\u00e9es sont aujourd\u2019hui rattrap\u00e9es par la r\u00e9volution num\u00e9rique et l\u2019ub\u00e9risation de la finance.<\/p>\n<p>La concurrence s\u2019accroit avec des start-up qui proposent de nouveaux services num\u00e9riques en se muant en banquiers alternatifs.<\/p>\n<p>A cela s\u2019ajoute la probl\u00e9matique de la cr\u00e9ation de valeur dans une phase durable de taux bas et d\u2019incertitudes \u00e9conomiques.<\/p>\n<p>Comment ces facteurs obligent-ils certaines institutions \u00e0 remettre en cause leur business models ?<\/p>\n<p>Le d\u00e9fi consiste \u00e0 aligner la promesse de valeur et le discours commercial.<\/p>\n<p>Plusieurs leviers majeurs sont \u00e0 disposition des banques pour op\u00e9rer cette transformation :<\/p>\n<ul>\n<li>la digitalisation de l\u2019activit\u00e9 du banquier priv\u00e9e,<\/li>\n<li>des \u00e9volutions d\u2019offre et de tarification,<\/li>\n<li>et le passage du pilotage commercial classique \u00e0 une v\u00e9ritable animation commerciale en coh\u00e9rence avec l\u2019offre.<\/li>\n<\/ul>\n<p>Cette conf\u00e9rence a pour objet d\u2019apporter des r\u00e9ponses aux toutes derni\u00e8res \u00e9volutions de l\u2019industrie de la Banque et de la Gestion Priv\u00e9e tant en Europe qu\u2019\u00e0 l\u2019international.<\/p>\n<p>Parmi les th\u00e8mes abord\u00e9s :<\/p>\n<ul>\n<li>Quels sont les enjeux de l\u2019activit\u00e9 de la gestion priv\u00e9e en France et \u00e0 l\u2019international ?<\/li>\n<li>Quel impact de la digitalisation et de l\u2019ub\u00e9risation\u00a0?<\/li>\n<li>Comment augmenter l\u2019efficacit\u00e9 des Banquiers Priv\u00e9s ?<\/li>\n<li>Quelle \u00e9volution des mod\u00e8les de banques priv\u00e9es ?<\/li>\n<li>Quels bons outils et strat\u00e9gie tarifaire pour accro\u00eetre la profitabilit\u00e9 ?<\/li>\n<li>Comment satisfaire la client\u00e8le aujourd\u2019hui ?<\/li>\n<li>Quelle innovation produit en banque priv\u00e9e ?<\/li>\n<\/ul>\n","protected":false},"excerpt":{"rendered":"<p>Le secteur de la banque priv\u00e9e a entam\u00e9, depuis quelques ann\u00e9es, un grand chantier de mutation. Les banques priv\u00e9es sont aujourd\u2019hui rattrap\u00e9es par la r\u00e9volution num\u00e9rique et l\u2019ub\u00e9risation de la finance. La concurrence s\u2019accroit avec des start-up qui proposent de nouveaux services num\u00e9riques en se muant en banquiers alternatifs. A cela s\u2019ajoute la probl\u00e9matique de <a href=\"http:\/\/conferences-institute.eu\/banque-privee\/annees-precedentes\/\" rel=\"nofollow\"><span class=\"sr-only\">En savoir plus surAnn\u00e9es pr\u00e9c\u00e9dentes<\/span>[&hellip;]<\/a><\/p>\n","protected":false},"author":1,"featured_media":0,"parent":0,"menu_order":0,"comment_status":"closed","ping_status":"closed","template":"","meta":{"_monsterinsights_skip_tracking":false,"_monsterinsights_sitenote_active":false,"_monsterinsights_sitenote_note":"","_monsterinsights_sitenote_category":0,"footnotes":""},"class_list":["post-2","page","type-page","status-publish"],"yoast_head":"<!-- This site is optimized with the Yoast SEO plugin v27.4 - https:\/\/yoast.com\/product\/yoast-seo-wordpress\/ -->\n<title>Ann\u00e9es pr\u00e9c\u00e9dentes - BANQUE PRIV\u00c9E<\/title>\n<meta name=\"robots\" content=\"index, follow, max-snippet:-1, max-image-preview:large, max-video-preview:-1\" \/>\n<link rel=\"canonical\" href=\"http:\/\/conferences-institute.eu\/banque-privee\/annees-precedentes\/\" \/>\n<meta property=\"og:locale\" content=\"fr_FR\" \/>\n<meta property=\"og:type\" content=\"article\" \/>\n<meta property=\"og:title\" content=\"Ann\u00e9es pr\u00e9c\u00e9dentes - BANQUE PRIV\u00c9E\" \/>\n<meta property=\"og:description\" content=\"Le secteur de la banque priv\u00e9e a entam\u00e9, depuis quelques ann\u00e9es, un grand chantier de mutation. Les banques priv\u00e9es sont aujourd\u2019hui rattrap\u00e9es par la r\u00e9volution num\u00e9rique et l\u2019ub\u00e9risation de la finance. La concurrence s\u2019accroit avec des start-up qui proposent de nouveaux services num\u00e9riques en se muant en banquiers alternatifs. A cela s\u2019ajoute la probl\u00e9matique de En savoir plus surAnn\u00e9es pr\u00e9c\u00e9dentes[&hellip;]\" \/>\n<meta property=\"og:url\" content=\"http:\/\/conferences-institute.eu\/banque-privee\/annees-precedentes\/\" \/>\n<meta property=\"og:site_name\" content=\"BANQUE PRIV\u00c9E\" \/>\n<meta property=\"article:modified_time\" content=\"2016-02-09T10:34:27+00:00\" \/>\n<meta name=\"twitter:card\" content=\"summary_large_image\" \/>\n<meta name=\"twitter:label1\" content=\"Dur\u00e9e de lecture estim\u00e9e\" \/>\n\t<meta name=\"twitter:data1\" content=\"1 minute\" \/>\n<script type=\"application\/ld+json\" class=\"yoast-schema-graph\">{\"@context\":\"https:\\\/\\\/schema.org\",\"@graph\":[{\"@type\":\"WebPage\",\"@id\":\"http:\\\/\\\/conferences-institute.eu\\\/banque-privee\\\/annees-precedentes\\\/\",\"url\":\"http:\\\/\\\/conferences-institute.eu\\\/banque-privee\\\/annees-precedentes\\\/\",\"name\":\"Ann\u00e9es pr\u00e9c\u00e9dentes - BANQUE PRIV\u00c9E\",\"isPartOf\":{\"@id\":\"https:\\\/\\\/conferences-institute.eu\\\/banque-privee\\\/#website\"},\"datePublished\":\"2016-02-04T14:05:51+00:00\",\"dateModified\":\"2016-02-09T10:34:27+00:00\",\"breadcrumb\":{\"@id\":\"http:\\\/\\\/conferences-institute.eu\\\/banque-privee\\\/annees-precedentes\\\/#breadcrumb\"},\"inLanguage\":\"fr-FR\",\"potentialAction\":[{\"@type\":\"ReadAction\",\"target\":[\"http:\\\/\\\/conferences-institute.eu\\\/banque-privee\\\/annees-precedentes\\\/\"]}]},{\"@type\":\"BreadcrumbList\",\"@id\":\"http:\\\/\\\/conferences-institute.eu\\\/banque-privee\\\/annees-precedentes\\\/#breadcrumb\",\"itemListElement\":[{\"@type\":\"ListItem\",\"position\":1,\"name\":\"Accueil\",\"item\":\"https:\\\/\\\/conferences-institute.eu\\\/banque-privee\\\/\"},{\"@type\":\"ListItem\",\"position\":2,\"name\":\"Ann\u00e9es pr\u00e9c\u00e9dentes\"}]},{\"@type\":\"WebSite\",\"@id\":\"https:\\\/\\\/conferences-institute.eu\\\/banque-privee\\\/#website\",\"url\":\"https:\\\/\\\/conferences-institute.eu\\\/banque-privee\\\/\",\"name\":\"BANQUE PRIV\u00c9E\",\"description\":\"\",\"potentialAction\":[{\"@type\":\"SearchAction\",\"target\":{\"@type\":\"EntryPoint\",\"urlTemplate\":\"https:\\\/\\\/conferences-institute.eu\\\/banque-privee\\\/?s={search_term_string}\"},\"query-input\":{\"@type\":\"PropertyValueSpecification\",\"valueRequired\":true,\"valueName\":\"search_term_string\"}}],\"inLanguage\":\"fr-FR\"}]}<\/script>\n<!-- \/ Yoast SEO plugin. -->","yoast_head_json":{"title":"Ann\u00e9es pr\u00e9c\u00e9dentes - BANQUE PRIV\u00c9E","robots":{"index":"index","follow":"follow","max-snippet":"max-snippet:-1","max-image-preview":"max-image-preview:large","max-video-preview":"max-video-preview:-1"},"canonical":"http:\/\/conferences-institute.eu\/banque-privee\/annees-precedentes\/","og_locale":"fr_FR","og_type":"article","og_title":"Ann\u00e9es pr\u00e9c\u00e9dentes - BANQUE PRIV\u00c9E","og_description":"Le secteur de la banque priv\u00e9e a entam\u00e9, depuis quelques ann\u00e9es, un grand chantier de mutation. Les banques priv\u00e9es sont aujourd\u2019hui rattrap\u00e9es par la r\u00e9volution num\u00e9rique et l\u2019ub\u00e9risation de la finance. La concurrence s\u2019accroit avec des start-up qui proposent de nouveaux services num\u00e9riques en se muant en banquiers alternatifs. A cela s\u2019ajoute la probl\u00e9matique de En savoir plus surAnn\u00e9es pr\u00e9c\u00e9dentes[&hellip;]","og_url":"http:\/\/conferences-institute.eu\/banque-privee\/annees-precedentes\/","og_site_name":"BANQUE PRIV\u00c9E","article_modified_time":"2016-02-09T10:34:27+00:00","twitter_card":"summary_large_image","twitter_misc":{"Dur\u00e9e de lecture estim\u00e9e":"1 minute"},"schema":{"@context":"https:\/\/schema.org","@graph":[{"@type":"WebPage","@id":"http:\/\/conferences-institute.eu\/banque-privee\/annees-precedentes\/","url":"http:\/\/conferences-institute.eu\/banque-privee\/annees-precedentes\/","name":"Ann\u00e9es pr\u00e9c\u00e9dentes - BANQUE PRIV\u00c9E","isPartOf":{"@id":"https:\/\/conferences-institute.eu\/banque-privee\/#website"},"datePublished":"2016-02-04T14:05:51+00:00","dateModified":"2016-02-09T10:34:27+00:00","breadcrumb":{"@id":"http:\/\/conferences-institute.eu\/banque-privee\/annees-precedentes\/#breadcrumb"},"inLanguage":"fr-FR","potentialAction":[{"@type":"ReadAction","target":["http:\/\/conferences-institute.eu\/banque-privee\/annees-precedentes\/"]}]},{"@type":"BreadcrumbList","@id":"http:\/\/conferences-institute.eu\/banque-privee\/annees-precedentes\/#breadcrumb","itemListElement":[{"@type":"ListItem","position":1,"name":"Accueil","item":"https:\/\/conferences-institute.eu\/banque-privee\/"},{"@type":"ListItem","position":2,"name":"Ann\u00e9es pr\u00e9c\u00e9dentes"}]},{"@type":"WebSite","@id":"https:\/\/conferences-institute.eu\/banque-privee\/#website","url":"https:\/\/conferences-institute.eu\/banque-privee\/","name":"BANQUE PRIV\u00c9E","description":"","potentialAction":[{"@type":"SearchAction","target":{"@type":"EntryPoint","urlTemplate":"https:\/\/conferences-institute.eu\/banque-privee\/?s={search_term_string}"},"query-input":{"@type":"PropertyValueSpecification","valueRequired":true,"valueName":"search_term_string"}}],"inLanguage":"fr-FR"}]}},"_links":{"self":[{"href":"http:\/\/conferences-institute.eu\/banque-privee\/wp-json\/wp\/v2\/pages\/2","targetHints":{"allow":["GET"]}}],"collection":[{"href":"http:\/\/conferences-institute.eu\/banque-privee\/wp-json\/wp\/v2\/pages"}],"about":[{"href":"http:\/\/conferences-institute.eu\/banque-privee\/wp-json\/wp\/v2\/types\/page"}],"author":[{"embeddable":true,"href":"http:\/\/conferences-institute.eu\/banque-privee\/wp-json\/wp\/v2\/users\/1"}],"replies":[{"embeddable":true,"href":"http:\/\/conferences-institute.eu\/banque-privee\/wp-json\/wp\/v2\/comments?post=2"}],"version-history":[{"count":3,"href":"http:\/\/conferences-institute.eu\/banque-privee\/wp-json\/wp\/v2\/pages\/2\/revisions"}],"predecessor-version":[{"id":90,"href":"http:\/\/conferences-institute.eu\/banque-privee\/wp-json\/wp\/v2\/pages\/2\/revisions\/90"}],"wp:attachment":[{"href":"http:\/\/conferences-institute.eu\/banque-privee\/wp-json\/wp\/v2\/media?parent=2"}],"curies":[{"name":"wp","href":"https:\/\/api.w.org\/{rel}","templated":true}]}}