{"id":128,"date":"2017-02-01T14:31:47","date_gmt":"2017-02-01T13:31:47","guid":{"rendered":"http:\/\/conferences-institute.eu\/banque-privee\/?page_id=128"},"modified":"2017-02-01T15:05:45","modified_gmt":"2017-02-01T14:05:45","slug":"conference-2016","status":"publish","type":"page","link":"http:\/\/conferences-institute.eu\/banque-privee\/conference-2016\/","title":{"rendered":"Conf\u00e9rence 2016"},"content":{"rendered":"<h1><span style=\"color: #ff0000;\">Banque Priv\u00e9e 2016<\/span><\/h1>\n<p><a class=\"fasc-button fasc-size-medium fasc-type-glossy fasc-rounded-medium\" style=\"background-color: #c26b6b; color: #ffffff;\" href=\"http:\/\/conferences-institute.eu\/banque-privee\/wp-content\/uploads\/sites\/3\/2016\/05\/ERI-Institute_Banque-Privee_mai-2016_programme-1.pdf\" target=\"_blank\" data-fasc-style=\"background-color:#c26b6b;color:#ffffff;\">Retrouvez le PDF ICI<\/a><\/p>\n<h4><strong><span style=\"color: #ff0000;\">Agenda :<\/span><\/strong><br \/>\n<span style=\"color: #000000;\"><strong>\u2014 Quels sont les enjeux de l\u2019activit\u00e9 de la Banque Priv\u00e9e en France et \u00e0 l\u2019international ?<\/strong><\/span><br \/>\n<span style=\"color: #000000;\"><strong> \u2014 L\u2019impact du Digital sur les strat\u00e9gies des banques priv\u00e9es ?<\/strong><\/span><br \/>\n<span style=\"color: #000000;\"><strong> \u2014 Robo-advisors, la menace fant\u00f4me ?<\/strong><\/span><br \/>\n<span style=\"color: #000000;\"><strong> \u2014 Quels impacts sur la Compliance et les opportunit\u00e9s de business du d\u00e9veloppement de nouveaux march\u00e9s ?<\/strong><\/span><br \/>\n<span style=\"color: #000000;\"><strong> \u2014 Comment augmenter l\u2019efficacit\u00e9 des Banquiers Priv\u00e9s ?<\/strong><\/span><br \/>\n<span style=\"color: #000000;\"><strong> \u2014 Comment satisfaire la client\u00e8le aujourd\u2019hui ?<\/strong><\/span><\/h4>\n<h4><strong><span style=\"color: #ff0000;\">Orateurs:<br \/>\n<\/span><span style=\"color: #000000;\">\u2014<\/span><span style=\"color: #000000;\">Philippe Bongrand, Partner Wealth Management \u2014 Oliver Wyman Zurich<br \/>\n<\/span><span style=\"color: #000000;\">\u2014<\/span><span style=\"color: #000000;\">Philippe Loiseau, COO &amp; Digital Strategist<br \/>\n<\/span><span style=\"color: #000000;\">\u2014<\/span><span style=\"color: #000000;\">Bernard Corneau, Directeur \u2014 Deutsche Bank AG, Paris \/ Deutsche Asset &amp; Wealth Management<br \/>\n<\/span><span style=\"color: #000000;\">\u2014<\/span><span style=\"color: #000000;\">Yann Charraire, Direction Marketing, Produits &amp; Solutions \u2014 Banque Neuflize OBC<br \/>\n<\/span><span style=\"color: #000000;\">\u2014<\/span><span style=\"color: #000000;\">Roi Lavi, Director Business Development \u2014 Sqope S.A.<br \/>\n<\/span><span style=\"color: #000000;\">\u2014<\/span><\/strong><span style=\"color: #000000;\"><strong>Florent Jacquet, Partner \u2014 Simon-Kucher &amp; Partner<\/strong><\/span><\/h4>\n<p>&nbsp;<\/p>\n<p style=\"text-align: left;\"><strong><span style=\"color: #ff0000;\">08:30<\/span> Accueil des participants<\/strong><\/p>\n<p style=\"text-align: left;\"><strong><span style=\"color: #ff0000;\">09:00<\/span> L\u2019impact du Digital sur les strat\u00e9gies des banques priv\u00e9es<\/strong><\/p>\n<p style=\"text-align: left;\">\u2014 Les nouveaux acteurs digitaux \/ Fintechs<br \/>\n\u2014 L\u2019impact \u00e9conomique sur les acteurs \u00e9tablis<br \/>\n\u2014 Fintechs et Banques : Concurrence ou partenariat<br \/>\n\u2014 Le nouveau paysage qui se dessine<br \/>\nPhilippe Bongrand, Partner Wealth Management \u2014 Oliver Wyman Zurich<\/p>\n<p style=\"text-align: left;\"><strong><span style=\"color: #ff0000;\">10:00<\/span> Comment g\u00e9rer le changement\/transformation des banques priv\u00e9es \u00e0 l\u2019\u00e8re du digital ?<\/strong><\/p>\n<p style=\"text-align: left;\">\u2014 Quels impacts potentiels de ce nouveau cycle sur l&rsquo;industrie financi\u00e8re (rentabilit\u00e9, approche client, r\u00e9glementation) ?<br \/>\n\u2014 Les 5 mod\u00e8les \u00e9conomiques de l&rsquo;univers digital et leurs implications sur les lignes de m\u00e9tier et les fonctions<br \/>\n\u2014 Quelle gestion du changement en interne (gestion des r\u00e9ticences, passage en mode agile, modes de financement) ?<br \/>\nPhilippe Loiseau, COO &amp; Digital Strategist<\/p>\n<p style=\"text-align: left;\"><strong><span style=\"color: #ff0000;\">11:00<\/span> pause-caf\u00e9<\/strong><\/p>\n<p style=\"text-align: left;\"><strong><span style=\"color: #ff0000;\">11:30<\/span> Robo-advisors, la menace fant\u00f4me ?<\/strong><\/p>\n<p style=\"text-align: left;\">&#8211; Les robo-advisers vont-ils remplacer le banquier priv\u00e9 : mythe\/r\u00e9alit\u00e9\/cons\u00e9quences ?<br \/>\n&#8211; Face \u00e0 cette concurrence, pour quels services les clients accepteront-ils encore de payer?<br \/>\n&#8211; Une offre de service \u00e0 r\u00e9inventer afin de reconqu\u00e9rir les clients<br \/>\nBernard Corneau, Directeur \u2014 Deutsche Bank AG, Paris \/ Deutsche Asset &amp; Wealth Management<\/p>\n<p style=\"text-align: left;\"><strong><span style=\"color: #ff0000;\">12:30<\/span> d\u00e9jeuner<\/strong><\/p>\n<p style=\"text-align: left;\"><strong><span style=\"color: #ff0000;\">14:00<\/span>\u00a0MIFID2 : pr\u00eat pour repenser le m\u00e9tier du banquier priv\u00e9e ?<\/strong><\/p>\n<p style=\"text-align: left;\">\u2014 Fin du conseil sans contrat, fin des r\u00e9trocessionsR : Quelle refonte des offres et des prix ?<br \/>\n\u2014 Quelle r\u00e9flexion n\u00e9cessaire sur les offres d\u2019advisory ?<br \/>\n\u2014 Quelle complexit\u00e9 de mise en place ?<br \/>\nFlorent Jacquet, Partner \u2014 Simon-Kucher &amp; Partner<\/p>\n<p style=\"text-align: left;\"><strong><span style=\"color: #ff0000;\">15:00<\/span> Quels impacts sur la Compliance et les opportunit\u00e9s de business du d\u00e9veloppement de nouveaux march\u00e9s<\/strong><br \/>\n(exemple : Russie et Commonwealth of Independent States \u2013CIS-) ?<\/p>\n<p style=\"text-align: left;\">\u2014 Les principaux challenges de la Compliance (KYC, on-boarding process, sanctions) et opportunit\u00e9s de business<br \/>\n\u2014 Red flags : Principales pr\u00e9occupations (cas pratiques tir\u00e9s d\u2019exemples r\u00e9els)<br \/>\n\u2014 Green flags : Conseils d\u2019experts de ce qu&rsquo;il faut chercher et comment collecter des informations<br \/>\npertinentes \u00e0 utiliser dans les n\u00e9gociations et relations clients.<br \/>\nRoi Lavi, Director Business Development \u2014 Sqope S.A.<\/p>\n<p style=\"text-align: left;\"><strong><span style=\"color: #ff0000;\">16:00<\/span> pause-caf\u00e9<\/strong><\/p>\n<p style=\"text-align: left;\"><strong><span style=\"color: #ff0000;\">16:30<\/span>\u00a0Comment s&rsquo;adapter face aux 3 bouleversements majeurs (digital, r\u00e9glementaire, taux n\u00e9gatifs) qui rebattent les cartes de la gestion priv\u00e9e ?<\/strong><\/p>\n<p style=\"text-align: left;\">\u2014 Comment r\u00e9inventer la relation client-banquier au profit du client&#8230;et de la banque ?<br \/>\n&#8211; Quelles offres dans un contexte financier in\u00e9dit et une r\u00e9glementation stricte ?<br \/>\n\u2014 Comment repenser le mod\u00e8le de revenus pour r\u00e9sister \u00e0 la baisse des marges attendue ?<br \/>\nYann Charraire, Direction Marketing, Produits &amp; Solutions \u2014 Banque Neuflize OBC<\/p>\n<p style=\"text-align: left;\"><strong><span style=\"color: #ff0000;\">17:30<\/span> Fin du s\u00e9minaire<\/strong><\/p>\n<h2><a class=\"fasc-button fasc-size-medium fasc-type-glossy fasc-rounded-medium\" style=\"background-color: #c26b6b; color: #ffffff;\" href=\"http:\/\/conferences-institute.eu\/banque-privee\/wp-content\/uploads\/sites\/3\/2016\/05\/ERI-Institute_Banque-Privee_mai-2016_programme-1.pdf\" target=\"_blank\" data-fasc-style=\"background-color:#c26b6b;color:#ffffff;\">Retrouvez le PDF ICI<\/a><\/h2>\n","protected":false},"excerpt":{"rendered":"<p>Banque Priv\u00e9e 2016 Retrouvez le PDF ICI Agenda : \u2014 Quels sont les enjeux de l\u2019activit\u00e9 de la Banque Priv\u00e9e en France et \u00e0 l\u2019international ? \u2014 L\u2019impact du Digital sur les strat\u00e9gies des banques priv\u00e9es ? \u2014 Robo-advisors, la menace fant\u00f4me ? \u2014 Quels impacts sur la Compliance et les opportunit\u00e9s de business du <a href=\"http:\/\/conferences-institute.eu\/banque-privee\/conference-2016\/\" rel=\"nofollow\"><span class=\"sr-only\">En savoir plus surConf\u00e9rence 2016<\/span>[&hellip;]<\/a><\/p>\n","protected":false},"author":1,"featured_media":0,"parent":0,"menu_order":0,"comment_status":"closed","ping_status":"closed","template":"","meta":{"_monsterinsights_skip_tracking":false,"_monsterinsights_sitenote_active":false,"_monsterinsights_sitenote_note":"","_monsterinsights_sitenote_category":0,"footnotes":""},"class_list":["post-128","page","type-page","status-publish"],"yoast_head":"<!-- This site is optimized with the Yoast SEO plugin v27.4 - https:\/\/yoast.com\/product\/yoast-seo-wordpress\/ -->\n<title>Conf\u00e9rence 2016 - BANQUE PRIV\u00c9E<\/title>\n<meta name=\"robots\" content=\"index, follow, max-snippet:-1, max-image-preview:large, max-video-preview:-1\" \/>\n<link rel=\"canonical\" href=\"http:\/\/conferences-institute.eu\/banque-privee\/conference-2016\/\" \/>\n<meta property=\"og:locale\" content=\"fr_FR\" \/>\n<meta property=\"og:type\" content=\"article\" \/>\n<meta property=\"og:title\" content=\"Conf\u00e9rence 2016 - BANQUE PRIV\u00c9E\" \/>\n<meta property=\"og:description\" content=\"Banque Priv\u00e9e 2016 Retrouvez le PDF ICI Agenda : \u2014 Quels sont les enjeux de l\u2019activit\u00e9 de la Banque Priv\u00e9e en France et \u00e0 l\u2019international ? \u2014 L\u2019impact du Digital sur les strat\u00e9gies des banques priv\u00e9es ? \u2014 Robo-advisors, la menace fant\u00f4me ? \u2014 Quels impacts sur la Compliance et les opportunit\u00e9s de business du En savoir plus surConf\u00e9rence 2016[&hellip;]\" \/>\n<meta property=\"og:url\" content=\"http:\/\/conferences-institute.eu\/banque-privee\/conference-2016\/\" \/>\n<meta property=\"og:site_name\" content=\"BANQUE PRIV\u00c9E\" \/>\n<meta property=\"article:modified_time\" content=\"2017-02-01T14:05:45+00:00\" \/>\n<meta name=\"twitter:card\" content=\"summary_large_image\" \/>\n<meta name=\"twitter:label1\" content=\"Dur\u00e9e de lecture estim\u00e9e\" \/>\n\t<meta name=\"twitter:data1\" content=\"3 minutes\" \/>\n<script type=\"application\/ld+json\" class=\"yoast-schema-graph\">{\"@context\":\"https:\\\/\\\/schema.org\",\"@graph\":[{\"@type\":\"WebPage\",\"@id\":\"http:\\\/\\\/conferences-institute.eu\\\/banque-privee\\\/conference-2016\\\/\",\"url\":\"http:\\\/\\\/conferences-institute.eu\\\/banque-privee\\\/conference-2016\\\/\",\"name\":\"Conf\u00e9rence 2016 - BANQUE PRIV\u00c9E\",\"isPartOf\":{\"@id\":\"http:\\\/\\\/conferences-institute.eu\\\/banque-privee\\\/#website\"},\"datePublished\":\"2017-02-01T13:31:47+00:00\",\"dateModified\":\"2017-02-01T14:05:45+00:00\",\"breadcrumb\":{\"@id\":\"http:\\\/\\\/conferences-institute.eu\\\/banque-privee\\\/conference-2016\\\/#breadcrumb\"},\"inLanguage\":\"fr-FR\",\"potentialAction\":[{\"@type\":\"ReadAction\",\"target\":[\"http:\\\/\\\/conferences-institute.eu\\\/banque-privee\\\/conference-2016\\\/\"]}]},{\"@type\":\"BreadcrumbList\",\"@id\":\"http:\\\/\\\/conferences-institute.eu\\\/banque-privee\\\/conference-2016\\\/#breadcrumb\",\"itemListElement\":[{\"@type\":\"ListItem\",\"position\":1,\"name\":\"Accueil\",\"item\":\"http:\\\/\\\/conferences-institute.eu\\\/banque-privee\\\/\"},{\"@type\":\"ListItem\",\"position\":2,\"name\":\"Conf\u00e9rence 2016\"}]},{\"@type\":\"WebSite\",\"@id\":\"http:\\\/\\\/conferences-institute.eu\\\/banque-privee\\\/#website\",\"url\":\"http:\\\/\\\/conferences-institute.eu\\\/banque-privee\\\/\",\"name\":\"BANQUE PRIV\u00c9E\",\"description\":\"\",\"potentialAction\":[{\"@type\":\"SearchAction\",\"target\":{\"@type\":\"EntryPoint\",\"urlTemplate\":\"http:\\\/\\\/conferences-institute.eu\\\/banque-privee\\\/?s={search_term_string}\"},\"query-input\":{\"@type\":\"PropertyValueSpecification\",\"valueRequired\":true,\"valueName\":\"search_term_string\"}}],\"inLanguage\":\"fr-FR\"}]}<\/script>\n<!-- \/ Yoast SEO plugin. -->","yoast_head_json":{"title":"Conf\u00e9rence 2016 - BANQUE PRIV\u00c9E","robots":{"index":"index","follow":"follow","max-snippet":"max-snippet:-1","max-image-preview":"max-image-preview:large","max-video-preview":"max-video-preview:-1"},"canonical":"http:\/\/conferences-institute.eu\/banque-privee\/conference-2016\/","og_locale":"fr_FR","og_type":"article","og_title":"Conf\u00e9rence 2016 - BANQUE PRIV\u00c9E","og_description":"Banque Priv\u00e9e 2016 Retrouvez le PDF ICI Agenda : \u2014 Quels sont les enjeux de l\u2019activit\u00e9 de la Banque Priv\u00e9e en France et \u00e0 l\u2019international ? \u2014 L\u2019impact du Digital sur les strat\u00e9gies des banques priv\u00e9es ? \u2014 Robo-advisors, la menace fant\u00f4me ? \u2014 Quels impacts sur la Compliance et les opportunit\u00e9s de business du En savoir plus surConf\u00e9rence 2016[&hellip;]","og_url":"http:\/\/conferences-institute.eu\/banque-privee\/conference-2016\/","og_site_name":"BANQUE PRIV\u00c9E","article_modified_time":"2017-02-01T14:05:45+00:00","twitter_card":"summary_large_image","twitter_misc":{"Dur\u00e9e de lecture estim\u00e9e":"3 minutes"},"schema":{"@context":"https:\/\/schema.org","@graph":[{"@type":"WebPage","@id":"http:\/\/conferences-institute.eu\/banque-privee\/conference-2016\/","url":"http:\/\/conferences-institute.eu\/banque-privee\/conference-2016\/","name":"Conf\u00e9rence 2016 - BANQUE PRIV\u00c9E","isPartOf":{"@id":"http:\/\/conferences-institute.eu\/banque-privee\/#website"},"datePublished":"2017-02-01T13:31:47+00:00","dateModified":"2017-02-01T14:05:45+00:00","breadcrumb":{"@id":"http:\/\/conferences-institute.eu\/banque-privee\/conference-2016\/#breadcrumb"},"inLanguage":"fr-FR","potentialAction":[{"@type":"ReadAction","target":["http:\/\/conferences-institute.eu\/banque-privee\/conference-2016\/"]}]},{"@type":"BreadcrumbList","@id":"http:\/\/conferences-institute.eu\/banque-privee\/conference-2016\/#breadcrumb","itemListElement":[{"@type":"ListItem","position":1,"name":"Accueil","item":"http:\/\/conferences-institute.eu\/banque-privee\/"},{"@type":"ListItem","position":2,"name":"Conf\u00e9rence 2016"}]},{"@type":"WebSite","@id":"http:\/\/conferences-institute.eu\/banque-privee\/#website","url":"http:\/\/conferences-institute.eu\/banque-privee\/","name":"BANQUE PRIV\u00c9E","description":"","potentialAction":[{"@type":"SearchAction","target":{"@type":"EntryPoint","urlTemplate":"http:\/\/conferences-institute.eu\/banque-privee\/?s={search_term_string}"},"query-input":{"@type":"PropertyValueSpecification","valueRequired":true,"valueName":"search_term_string"}}],"inLanguage":"fr-FR"}]}},"_links":{"self":[{"href":"http:\/\/conferences-institute.eu\/banque-privee\/wp-json\/wp\/v2\/pages\/128","targetHints":{"allow":["GET"]}}],"collection":[{"href":"http:\/\/conferences-institute.eu\/banque-privee\/wp-json\/wp\/v2\/pages"}],"about":[{"href":"http:\/\/conferences-institute.eu\/banque-privee\/wp-json\/wp\/v2\/types\/page"}],"author":[{"embeddable":true,"href":"http:\/\/conferences-institute.eu\/banque-privee\/wp-json\/wp\/v2\/users\/1"}],"replies":[{"embeddable":true,"href":"http:\/\/conferences-institute.eu\/banque-privee\/wp-json\/wp\/v2\/comments?post=128"}],"version-history":[{"count":11,"href":"http:\/\/conferences-institute.eu\/banque-privee\/wp-json\/wp\/v2\/pages\/128\/revisions"}],"predecessor-version":[{"id":141,"href":"http:\/\/conferences-institute.eu\/banque-privee\/wp-json\/wp\/v2\/pages\/128\/revisions\/141"}],"wp:attachment":[{"href":"http:\/\/conferences-institute.eu\/banque-privee\/wp-json\/wp\/v2\/media?parent=128"}],"curies":[{"name":"wp","href":"https:\/\/api.w.org\/{rel}","templated":true}]}}